{"id":810,"date":"2023-02-01T17:32:13","date_gmt":"2023-02-01T17:32:13","guid":{"rendered":"https:\/\/septlaxcala.gob.mx\/difusion\/?page_id=810"},"modified":"2023-03-08T16:17:26","modified_gmt":"2023-03-08T16:17:26","slug":"dr-homero-meneses-hernandez","status":"publish","type":"page","link":"https:\/\/septlaxcala.gob.mx\/difusion\/dr-homero-meneses-hernandez\/","title":{"rendered":"Dr. Homero Meneses Hern\u00e1ndez"},"content":{"rendered":"\n<h4 class=\"has-text-align-center wp-block-heading\">Secretario de Educaci\u00f3n<\/h4>\n\n\n\n<figure class=\"wp-block-gallery aligncenter has-nested-images columns-default is-cropped wp-block-gallery-1 is-layout-flex wp-block-gallery-is-layout-flex\">\n<figure class=\"wp-block-image size-full\"><img data-recalc-dims=\"1\" loading=\"lazy\" decoding=\"async\" width=\"750\" height=\"958\" data-attachment-id=\"1266\" data-permalink=\"https:\/\/septlaxcala.gob.mx\/difusion\/dr-homero-meneses-hernandez\/bq0i4735\/\" data-orig-file=\"https:\/\/i0.wp.com\/septlaxcala.gob.mx\/difusion\/wp-content\/uploads\/2023\/03\/BQ0I4735-scaled.jpg?fit=2004%2C2560&amp;ssl=1\" data-orig-size=\"2004,2560\" data-comments-opened=\"1\" data-image-meta=\"{&quot;aperture&quot;:&quot;4&quot;,&quot;credit&quot;:&quot;&quot;,&quot;camera&quot;:&quot;Canon EOS-1D X Mark II&quot;,&quot;caption&quot;:&quot;&quot;,&quot;created_timestamp&quot;:&quot;1678122595&quot;,&quot;copyright&quot;:&quot;&quot;,&quot;focal_length&quot;:&quot;140&quot;,&quot;iso&quot;:&quot;2000&quot;,&quot;shutter_speed&quot;:&quot;0.004&quot;,&quot;title&quot;:&quot;&quot;,&quot;orientation&quot;:&quot;1&quot;}\" data-image-title=\"BQ0I4735\" data-image-description=\"\" data-image-caption=\"\" data-large-file=\"https:\/\/i0.wp.com\/septlaxcala.gob.mx\/difusion\/wp-content\/uploads\/2023\/03\/BQ0I4735-scaled.jpg?fit=750%2C959&amp;ssl=1\" data-id=\"1266\" src=\"https:\/\/i0.wp.com\/septlaxcala.gob.mx\/difusion\/wp-content\/uploads\/2023\/03\/BQ0I4735-scaled.jpg?resize=750%2C958&#038;ssl=1\" alt=\"\" class=\"wp-image-1266\" srcset=\"https:\/\/i0.wp.com\/septlaxcala.gob.mx\/difusion\/wp-content\/uploads\/2023\/03\/BQ0I4735-scaled.jpg?w=2004&amp;ssl=1 2004w, https:\/\/i0.wp.com\/septlaxcala.gob.mx\/difusion\/wp-content\/uploads\/2023\/03\/BQ0I4735-scaled.jpg?resize=451%2C576&amp;ssl=1 451w, https:\/\/i0.wp.com\/septlaxcala.gob.mx\/difusion\/wp-content\/uploads\/2023\/03\/BQ0I4735-scaled.jpg?resize=845%2C1080&amp;ssl=1 845w, https:\/\/i0.wp.com\/septlaxcala.gob.mx\/difusion\/wp-content\/uploads\/2023\/03\/BQ0I4735-scaled.jpg?resize=768%2C981&amp;ssl=1 768w, https:\/\/i0.wp.com\/septlaxcala.gob.mx\/difusion\/wp-content\/uploads\/2023\/03\/BQ0I4735-scaled.jpg?resize=1202%2C1536&amp;ssl=1 1202w, https:\/\/i0.wp.com\/septlaxcala.gob.mx\/difusion\/wp-content\/uploads\/2023\/03\/BQ0I4735-scaled.jpg?resize=1603%2C2048&amp;ssl=1 1603w, https:\/\/i0.wp.com\/septlaxcala.gob.mx\/difusion\/wp-content\/uploads\/2023\/03\/BQ0I4735-scaled.jpg?resize=1218%2C1556&amp;ssl=1 1218w, https:\/\/i0.wp.com\/septlaxcala.gob.mx\/difusion\/wp-content\/uploads\/2023\/03\/BQ0I4735-scaled.jpg?w=1500&amp;ssl=1 1500w\" sizes=\"auto, (max-width: 750px) 100vw, 750px\" \/><figcaption class=\"wp-element-caption\">Dr. Homero Meneses Hern\u00e1ndez<\/figcaption><\/figure>\n<\/figure>\n\n\n\n<div style=\"height:100px\" aria-hidden=\"true\" class=\"wp-block-spacer\"><\/div>\n\n\n\n<h3 class=\"has-text-align-center wp-block-heading\">Formaci\u00f3n Acad\u00e9mica<\/h3>\n\n\n\n<ul class=\"wp-block-list\">\n<li>Doctor en Desarrollo Regional<\/li>\n\n\n\n<li>Maestro en Ciencias Sociales<\/li>\n\n\n\n<li>Licenciado en Ciencias de la Educaci\u00f3n <\/li>\n<\/ul>\n\n\n\n<p>Curso la Licenciatura en Ciencias de la Educaci\u00f3n, con especialidad en administraci\u00f3n educativa; y la Maestr\u00eda en Ciencias Sociales, con especialidad en Sociolog\u00eda del Trabajo, ambas en la Universidad Aut\u00f3noma de Tlaxcala (UAT); es doctor en Desarrollo Regional por El Colegio de Tlaxcala, A.C., fue becario PNPC del Conacyt. Su materia de estudio es el desarrollo institucional, pol\u00edtica educativa y formaci\u00f3n docente.<\/p>\n\n\n\n<p>Ha tomado diversos programas de actualizaci\u00f3n. En la Universidad de Harvard, John F. Kennedy School of Government, curs\u00f3 el programa: \u201cMeeting the Challenge of Mexico\u2019s Future: Leadership and Performance Strategies\u201d. En el Instituto Internacional de Planeamiento de la Educaci\u00f3n, UNESCO, tom\u00f3 el Seminario Internacional de Pol\u00edticas Docentes, Formulaci\u00f3n, Regulaci\u00f3n y Desarrollo Profesional. Fue becario del Diplomado Internacional para L\u00edderes Educativos Transformadores del Instituto Tecnol\u00f3gico de Monterrey, y logr\u00f3 la Certificaci\u00f3n de la Universidad de Cambridge en liderazgo directivo, recientemente concluy\u00f3 el Diploma Superior en Educaci\u00f3n por CLACSO 2020-2021, que analiz\u00f3 a la educaci\u00f3n en tiempos de pandemia.<\/p>\n\n\n\n<h3 class=\"has-text-align-center wp-block-heading\">Trayectoria<\/h3>\n\n\n\n<p>Tiene 25 a\u00f1os de experiencia como docente, desde educaci\u00f3n b\u00e1sica hasta nivel de posgrado. Profesor fundador del Instituto de Estudios Superiores del Magisterio de Tlaxcala (IESM); y fue Coordinador de Posgrado en El Colegio de Tlaxcala A.C.<\/p>\n\n\n\n<p>En administraci\u00f3n p\u00fablica, fue asesor del gobernador de Tlaxcala 1999-2005, coordinador de asesores del gobernador 2004; durante la LX y LXI legislaturas fue Secretario T\u00e9cnico de la Comisi\u00f3n de Desarrollo Regional del Senado de la Rep\u00fablica; fue asesor externo de las comisiones de Desarrollo Social; y Ciencia y Tecnolog\u00eda del Senado en la LXII y LXIII legislaturas.<\/p>\n\n\n\n<p>Fue director en secundarias t\u00e9cnicas, cargo que ocup\u00f3 tras obtener el primer lugar estatal en concurso de oposici\u00f3n; profesor de posgrado \u00bd tiempo de la UPN, unidad 291, integrante del Colectivo Docente y fue vicepresidente de Versus Corrupci\u00f3n A.C. Activista social a favor de la democracia, la transparencia y combate a la corrupci\u00f3n desde 1988. Fue asesor de distintos legisladores locales y federales en materia de educaci\u00f3n, ciencia y combate a la corrupci\u00f3n; y profesor de distintos programas de posgrado en Puebla y Tlaxcala. Asesor de directivos y supervisores de educaci\u00f3n b\u00e1sica, v\u00eda la SEP en Puebla y Tlaxcala. Fue Titular en Tlaxcala de la Oficina de Representaci\u00f3n del Programa Nacional de Becas Benito Ju\u00e1rez, organismo desconcentrado de la SEP del Gobierno de M\u00e9xico, y coordinador en Tlaxcala del Programa La Escuelas es Nuestra.<\/p>\n\n\n\n<p>Ha publicado en la Revista Internacional de Estudios sobre Sistemas Educativos, y fue columnista en el peri\u00f3dico digital Pulso, L\u00ednea de Constraste, y e-consulta; fue analista en la estaci\u00f3n de radio 100.3 FM Centro de Apizaco, Tlaxcala, espacios en los que se debaten temas de actualidad nacionales y locales.<\/p>\n\n\n\n<p>S\u00edguelo en:<\/p>\n\n\n\n<ul class=\"wp-block-social-links is-layout-flex wp-block-social-links-is-layout-flex\"><li class=\"wp-social-link wp-social-link-facebook  wp-block-social-link\"><a href=\"https:\/\/www.facebook.com\/HomeroMenesesH\" class=\"wp-block-social-link-anchor\"><svg width=\"24\" height=\"24\" viewBox=\"0 0 24 24\" version=\"1.1\" xmlns=\"http:\/\/www.w3.org\/2000\/svg\" aria-hidden=\"true\" focusable=\"false\"><path d=\"M12 2C6.5 2 2 6.5 2 12c0 5 3.7 9.1 8.4 9.9v-7H7.9V12h2.5V9.8c0-2.5 1.5-3.9 3.8-3.9 1.1 0 2.2.2 2.2.2v2.5h-1.3c-1.2 0-1.6.8-1.6 1.6V12h2.8l-.4 2.9h-2.3v7C18.3 21.1 22 17 22 12c0-5.5-4.5-10-10-10z\"><\/path><\/svg><span class=\"wp-block-social-link-label screen-reader-text\">Facebook<\/span><\/a><\/li>\n\n<li class=\"wp-social-link wp-social-link-twitter  wp-block-social-link\"><a href=\"https:\/\/twitter.com\/HomeroMeneses\" class=\"wp-block-social-link-anchor\"><svg width=\"24\" height=\"24\" viewBox=\"0 0 24 24\" version=\"1.1\" xmlns=\"http:\/\/www.w3.org\/2000\/svg\" aria-hidden=\"true\" focusable=\"false\"><path d=\"M22.23,5.924c-0.736,0.326-1.527,0.547-2.357,0.646c0.847-0.508,1.498-1.312,1.804-2.27 c-0.793,0.47-1.671,0.812-2.606,0.996C18.324,4.498,17.257,4,16.077,4c-2.266,0-4.103,1.837-4.103,4.103 c0,0.322,0.036,0.635,0.106,0.935C8.67,8.867,5.647,7.234,3.623,4.751C3.27,5.357,3.067,6.062,3.067,6.814 c0,1.424,0.724,2.679,1.825,3.415c-0.673-0.021-1.305-0.206-1.859-0.513c0,0.017,0,0.034,0,0.052c0,1.988,1.414,3.647,3.292,4.023 c-0.344,0.094-0.707,0.144-1.081,0.144c-0.264,0-0.521-0.026-0.772-0.074c0.522,1.63,2.038,2.816,3.833,2.85 c-1.404,1.1-3.174,1.756-5.096,1.756c-0.331,0-0.658-0.019-0.979-0.057c1.816,1.164,3.973,1.843,6.29,1.843 c7.547,0,11.675-6.252,11.675-11.675c0-0.178-0.004-0.355-0.012-0.531C20.985,7.47,21.68,6.747,22.23,5.924z\"><\/path><\/svg><span class=\"wp-block-social-link-label screen-reader-text\">Twitter<\/span><\/a><\/li>\n\n<li class=\"wp-social-link wp-social-link-instagram  wp-block-social-link\"><a href=\"https:\/\/www.instagram.com\/homeromeneses\/\" class=\"wp-block-social-link-anchor\"><svg width=\"24\" height=\"24\" viewBox=\"0 0 24 24\" version=\"1.1\" xmlns=\"http:\/\/www.w3.org\/2000\/svg\" aria-hidden=\"true\" focusable=\"false\"><path d=\"M12,4.622c2.403,0,2.688,0.009,3.637,0.052c0.877,0.04,1.354,0.187,1.671,0.31c0.42,0.163,0.72,0.358,1.035,0.673 c0.315,0.315,0.51,0.615,0.673,1.035c0.123,0.317,0.27,0.794,0.31,1.671c0.043,0.949,0.052,1.234,0.052,3.637 s-0.009,2.688-0.052,3.637c-0.04,0.877-0.187,1.354-0.31,1.671c-0.163,0.42-0.358,0.72-0.673,1.035 c-0.315,0.315-0.615,0.51-1.035,0.673c-0.317,0.123-0.794,0.27-1.671,0.31c-0.949,0.043-1.233,0.052-3.637,0.052 s-2.688-0.009-3.637-0.052c-0.877-0.04-1.354-0.187-1.671-0.31c-0.42-0.163-0.72-0.358-1.035-0.673 c-0.315-0.315-0.51-0.615-0.673-1.035c-0.123-0.317-0.27-0.794-0.31-1.671C4.631,14.688,4.622,14.403,4.622,12 s0.009-2.688,0.052-3.637c0.04-0.877,0.187-1.354,0.31-1.671c0.163-0.42,0.358-0.72,0.673-1.035 c0.315-0.315,0.615-0.51,1.035-0.673c0.317-0.123,0.794-0.27,1.671-0.31C9.312,4.631,9.597,4.622,12,4.622 M12,3 C9.556,3,9.249,3.01,8.289,3.054C7.331,3.098,6.677,3.25,6.105,3.472C5.513,3.702,5.011,4.01,4.511,4.511 c-0.5,0.5-0.808,1.002-1.038,1.594C3.25,6.677,3.098,7.331,3.054,8.289C3.01,9.249,3,9.556,3,12c0,2.444,0.01,2.751,0.054,3.711 c0.044,0.958,0.196,1.612,0.418,2.185c0.23,0.592,0.538,1.094,1.038,1.594c0.5,0.5,1.002,0.808,1.594,1.038 c0.572,0.222,1.227,0.375,2.185,0.418C9.249,20.99,9.556,21,12,21s2.751-0.01,3.711-0.054c0.958-0.044,1.612-0.196,2.185-0.418 c0.592-0.23,1.094-0.538,1.594-1.038c0.5-0.5,0.808-1.002,1.038-1.594c0.222-0.572,0.375-1.227,0.418-2.185 C20.99,14.751,21,14.444,21,12s-0.01-2.751-0.054-3.711c-0.044-0.958-0.196-1.612-0.418-2.185c-0.23-0.592-0.538-1.094-1.038-1.594 c-0.5-0.5-1.002-0.808-1.594-1.038c-0.572-0.222-1.227-0.375-2.185-0.418C14.751,3.01,14.444,3,12,3L12,3z M12,7.378 c-2.552,0-4.622,2.069-4.622,4.622S9.448,16.622,12,16.622s4.622-2.069,4.622-4.622S14.552,7.378,12,7.378z M12,15 c-1.657,0-3-1.343-3-3s1.343-3,3-3s3,1.343,3,3S13.657,15,12,15z M16.804,6.116c-0.596,0-1.08,0.484-1.08,1.08 s0.484,1.08,1.08,1.08c0.596,0,1.08-0.484,1.08-1.08S17.401,6.116,16.804,6.116z\"><\/path><\/svg><span class=\"wp-block-social-link-label screen-reader-text\">Instagram<\/span><\/a><\/li>\n\n<li class=\"wp-social-link wp-social-link-tiktok  wp-block-social-link\"><a href=\"https:\/\/www.tiktok.com\/@homermeneses\" class=\"wp-block-social-link-anchor\"><svg width=\"24\" height=\"24\" viewBox=\"0 0 32 32\" version=\"1.1\" xmlns=\"http:\/\/www.w3.org\/2000\/svg\" aria-hidden=\"true\" focusable=\"false\"><path d=\"M16.708 0.027c1.745-0.027 3.48-0.011 5.213-0.027 0.105 2.041 0.839 4.12 2.333 5.563 1.491 1.479 3.6 2.156 5.652 2.385v5.369c-1.923-0.063-3.855-0.463-5.6-1.291-0.76-0.344-1.468-0.787-2.161-1.24-0.009 3.896 0.016 7.787-0.025 11.667-0.104 1.864-0.719 3.719-1.803 5.255-1.744 2.557-4.771 4.224-7.88 4.276-1.907 0.109-3.812-0.411-5.437-1.369-2.693-1.588-4.588-4.495-4.864-7.615-0.032-0.667-0.043-1.333-0.016-1.984 0.24-2.537 1.495-4.964 3.443-6.615 2.208-1.923 5.301-2.839 8.197-2.297 0.027 1.975-0.052 3.948-0.052 5.923-1.323-0.428-2.869-0.308-4.025 0.495-0.844 0.547-1.485 1.385-1.819 2.333-0.276 0.676-0.197 1.427-0.181 2.145 0.317 2.188 2.421 4.027 4.667 3.828 1.489-0.016 2.916-0.88 3.692-2.145 0.251-0.443 0.532-0.896 0.547-1.417 0.131-2.385 0.079-4.76 0.095-7.145 0.011-5.375-0.016-10.735 0.025-16.093z\" \/><\/svg><span class=\"wp-block-social-link-label screen-reader-text\">TikTok<\/span><\/a><\/li><\/ul>\n","protected":false},"excerpt":{"rendered":"<p>Secretario de Educaci\u00f3n Formaci\u00f3n Acad\u00e9mica Curso la Licenciatura en Ciencias de la Educaci\u00f3n, con especialidad en administraci\u00f3n educativa; y la Maestr\u00eda en Ciencias Sociales, con especialidad en Sociolog\u00eda del Trabajo, ambas en la Universidad Aut\u00f3noma de Tlaxcala (UAT); es doctor<\/p>\n","protected":false},"author":1,"featured_media":0,"parent":0,"menu_order":0,"comment_status":"closed","ping_status":"closed","template":"","meta":{"advanced_seo_description":"","jetpack_seo_html_title":"","jetpack_seo_noindex":false,"footnotes":""},"class_list":["post-810","page","type-page","status-publish","hentry"],"jetpack_sharing_enabled":true,"_links":{"self":[{"href":"https:\/\/septlaxcala.gob.mx\/difusion\/wp-json\/wp\/v2\/pages\/810","targetHints":{"allow":["GET"]}}],"collection":[{"href":"https:\/\/septlaxcala.gob.mx\/difusion\/wp-json\/wp\/v2\/pages"}],"about":[{"href":"https:\/\/septlaxcala.gob.mx\/difusion\/wp-json\/wp\/v2\/types\/page"}],"author":[{"embeddable":true,"href":"https:\/\/septlaxcala.gob.mx\/difusion\/wp-json\/wp\/v2\/users\/1"}],"replies":[{"embeddable":true,"href":"https:\/\/septlaxcala.gob.mx\/difusion\/wp-json\/wp\/v2\/comments?post=810"}],"version-history":[{"count":13,"href":"https:\/\/septlaxcala.gob.mx\/difusion\/wp-json\/wp\/v2\/pages\/810\/revisions"}],"predecessor-version":[{"id":1268,"href":"https:\/\/septlaxcala.gob.mx\/difusion\/wp-json\/wp\/v2\/pages\/810\/revisions\/1268"}],"wp:attachment":[{"href":"https:\/\/septlaxcala.gob.mx\/difusion\/wp-json\/wp\/v2\/media?parent=810"}],"curies":[{"name":"wp","href":"https:\/\/api.w.org\/{rel}","templated":true}]}}