{"id":10850,"date":"2025-06-30T11:06:52","date_gmt":"2025-06-30T17:06:52","guid":{"rendered":"https:\/\/septlaxcala.gob.mx\/web\/?page_id=10850"},"modified":"2026-03-24T16:31:47","modified_gmt":"2026-03-24T22:31:47","slug":"campana-de-sarampion","status":"publish","type":"page","link":"https:\/\/septlaxcala.gob.mx\/web\/campana-de-sarampion\/","title":{"rendered":"Campa\u00f1a de Sarampi\u00f3n"},"content":{"rendered":"\t\t<div data-elementor-type=\"wp-post\" data-elementor-id=\"10850\" class=\"elementor elementor-10850\">\n\t\t\t\t<div class=\"elementor-element elementor-element-d7f61be e-con-full e-flex wpr-particle-no wpr-jarallax-no wpr-parallax-no wpr-sticky-section-no wpr-equal-height-no e-con e-parent\" data-id=\"d7f61be\" data-element_type=\"container\" data-e-type=\"container\" data-settings=\"{&quot;background_background&quot;:&quot;gradient&quot;}\">\n\t\t\t\t<div class=\"elementor-element elementor-element-62ed8a1 exad-sticky-section-no exad-glass-effect-no elementor-widget elementor-widget-spacer\" data-id=\"62ed8a1\" data-element_type=\"widget\" data-e-type=\"widget\" data-widget_type=\"spacer.default\">\n\t\t\t\t<div class=\"elementor-widget-container\">\n\t\t\t\t\t\t\t<div class=\"elementor-spacer\">\n\t\t\t<div class=\"elementor-spacer-inner\"><\/div>\n\t\t<\/div>\n\t\t\t\t\t\t<\/div>\n\t\t\t\t<\/div>\n\t\t\t\t<\/div>\n\t\t<div class=\"elementor-element elementor-element-8187b9d e-con-full e-flex wpr-particle-no wpr-jarallax-no wpr-parallax-no wpr-sticky-section-no wpr-equal-height-no e-con e-parent\" data-id=\"8187b9d\" data-element_type=\"container\" data-e-type=\"container\" data-settings=\"{&quot;background_background&quot;:&quot;slideshow&quot;,&quot;background_slideshow_gallery&quot;:[{&quot;id&quot;:1307,&quot;url&quot;:&quot;https:\\\/\\\/septlaxcala.gob.mx\\\/web\\\/wp-content\\\/uploads\\\/2023\\\/02\\\/Foto-Aerea-SEPE-USET-1-scaled.jpg&quot;},{&quot;id&quot;:9506,&quot;url&quot;:&quot;https:\\\/\\\/septlaxcala.gob.mx\\\/web\\\/wp-content\\\/uploads\\\/2025\\\/03\\\/7.png&quot;},{&quot;id&quot;:9653,&quot;url&quot;:&quot;https:\\\/\\\/septlaxcala.gob.mx\\\/web\\\/wp-content\\\/uploads\\\/2025\\\/03\\\/home-schooling.png&quot;},{&quot;id&quot;:9641,&quot;url&quot;:&quot;https:\\\/\\\/septlaxcala.gob.mx\\\/web\\\/wp-content\\\/uploads\\\/2025\\\/03\\\/e-learning-vector.png&quot;}],&quot;background_slideshow_ken_burns&quot;:&quot;yes&quot;,&quot;background_slideshow_loop&quot;:&quot;yes&quot;,&quot;background_slideshow_slide_duration&quot;:5000,&quot;background_slideshow_slide_transition&quot;:&quot;fade&quot;,&quot;background_slideshow_transition_duration&quot;:500,&quot;background_slideshow_ken_burns_zoom_direction&quot;:&quot;in&quot;}\">\n\t\t\t\t<div class=\"elementor-element elementor-element-853a336 premium-title-center premium-title-icon-row premium-title-color exad-sticky-section-no exad-glass-effect-no elementor-invisible elementor-widget elementor-widget-premium-addon-title\" data-id=\"853a336\" data-element_type=\"widget\" data-e-type=\"widget\" data-settings=\"{&quot;_animation&quot;:&quot;fadeInDown&quot;}\" data-widget_type=\"premium-addon-title.default\">\n\t\t\t\t<div class=\"elementor-widget-container\">\n\t\t\t\t\t\n\t\t<div class=\"premium-title-container style3\">\n\t\t\t<h2 class=\"premium-title-header premium-title-style3\">\n\t\t\t\t\n\t\t\t\t\t\t\t\t\t\t\t\t\t\t\t<i class=\"premium-title-icon premium-svg-nodraw premium-drawable-icon remixicon ri-hand-heart-fill\" aria-hidden=\"true\"><\/i>\n\t\t\t\t\t\t\t\t\t\n\t\t\t\t\t\t\t\t\t\t\t\t<span class=\"premium-title-text\">\n\t\t\t\t\tCampa\u00f1a de Prevenci\u00f3n del Sarampi\u00f3n\t\t\t\t<\/span>\n\t\t\t\t\t\n\t\t\t\t\t\t\t\t\n\t\t\t\t\t\t\t<\/h2>\n\n\t\t<\/div>\n\n\t\t\t\t\t\t<\/div>\n\t\t\t\t<\/div>\n\t\t\t\t<\/div>\n\t\t<div class=\"elementor-element elementor-element-f763be3 e-flex e-con-boxed wpr-particle-no wpr-jarallax-no wpr-parallax-no wpr-sticky-section-no wpr-equal-height-no elementor-invisible e-con e-parent\" data-id=\"f763be3\" data-element_type=\"container\" data-e-type=\"container\" data-settings=\"{&quot;animation&quot;:&quot;lightSpeedIn&quot;}\">\n\t\t\t\t\t<div class=\"e-con-inner\">\n\t\t\t\t<div class=\"elementor-element elementor-element-fe5137f bdt-navigation-type-both bdt-carousel-style-coverflow exad-sticky-section-no exad-glass-effect-no elementor-widget elementor-widget-bdt-panel-slider\" data-id=\"fe5137f\" data-element_type=\"widget\" data-e-type=\"widget\" data-settings=\"{&quot;columns&quot;:&quot;3&quot;,&quot;columns_tablet&quot;:&quot;2&quot;,&quot;columns_mobile&quot;:&quot;1&quot;}\" data-widget_type=\"bdt-panel-slider.default\">\n\t\t\t\t<div class=\"elementor-widget-container\">\n\t\t\t\t\t\t\t<div class=\"bdt-arrows-dots-align-center bdt-panel-slider bdt-skin-default\" data-settings=\"{&quot;autoplay&quot;:{&quot;delay&quot;:5000},&quot;loop&quot;:true,&quot;speed&quot;:500,&quot;slidesPerView&quot;:1,&quot;slidesPerGroup&quot;:1,&quot;effect&quot;:&quot;coverflow&quot;,&quot;breakpoints&quot;:{&quot;767&quot;:{&quot;slidesPerView&quot;:2,&quot;spaceBetween&quot;:0,&quot;slidesPerGroup&quot;:1},&quot;1023&quot;:{&quot;slidesPerView&quot;:3,&quot;spaceBetween&quot;:0,&quot;slidesPerGroup&quot;:1}},&quot;navigation&quot;:{&quot;nextEl&quot;:&quot;#bdt-panel-slider-fe5137f .bdt-navigation-next&quot;,&quot;prevEl&quot;:&quot;#bdt-panel-slider-fe5137f .bdt-navigation-prev&quot;},&quot;pagination&quot;:{&quot;el&quot;:&quot;#bdt-panel-slider-fe5137f .swiper-pagination&quot;,&quot;type&quot;:&quot;bullets&quot;,&quot;clickable&quot;:&quot;true&quot;,&quot;dynamicBullets&quot;:false},&quot;scrollbar&quot;:{&quot;el&quot;:&quot;#bdt-panel-slider-fe5137f .swiper-scrollbar&quot;,&quot;hide&quot;:&quot;true&quot;},&quot;coverflowEffect&quot;:{&quot;rotate&quot;:50,&quot;stretch&quot;:0,&quot;depth&quot;:100,&quot;modifier&quot;:1,&quot;slideShadows&quot;:true}}\" id=\"bdt-panel-slider-fe5137f\" data-widget-settings=\"{&quot;id&quot;:&quot;#bdt-panel-slider-fe5137f&quot;,&quot;mouseInteractivity&quot;:false}\">\n\t\t\t<div class=\"swiper-carousel swiper\">\n\t\t\t\t<div class=\"swiper-wrapper\">\n\t\t\t\t\t\n\t\t\t\t\t\t\t\t\t\t\t<div class=\"bdt-panel-slide-item swiper-slide bdt-transition-toggle\">\n\n\t\t\t\t\t\t\t<div class=\"bdt-panel-slide-thumb-wrapper\">\n\t\t\t\t\t\t\t\t<div class=\"bdt-panel-slide-thumb bdt-background-cover\" data-depth=\"0.2\"\n\t\t\t\t\t\t\t\t\tstyle=\"background-image: url(https:\/\/septlaxcala.gob.mx\/web\/wp-content\/uploads\/2025\/06\/Sarampion-14.jpeg);\"><\/div>\n\t\t\t\t\t\t\t<\/div>\n\t\t\t\t\t\t\t<div class=\"bdt-panel-slide-desc bdt-position-bottom-left bdt-position-z-index\">\n\n\t\t\t\t\t\t\t\t\n\t\t\t\t\t\t\t\t\n\t\t\t\t\t\t\t\t\n\t\t\t\t\t\t\t<\/div>\n\n\t\t\t\t\t\t\t\t\t\t\t\t\t<\/div>\n\t\t\t\t\t\t\t\t\t\t\t\t<div class=\"bdt-panel-slide-item swiper-slide bdt-transition-toggle\">\n\n\t\t\t\t\t\t\t<div class=\"bdt-panel-slide-thumb-wrapper\">\n\t\t\t\t\t\t\t\t<div class=\"bdt-panel-slide-thumb bdt-background-cover\" data-depth=\"0.2\"\n\t\t\t\t\t\t\t\t\tstyle=\"background-image: url(https:\/\/septlaxcala.gob.mx\/web\/wp-content\/uploads\/2025\/06\/Infodemia.jpeg);\"><\/div>\n\t\t\t\t\t\t\t<\/div>\n\t\t\t\t\t\t\t<div class=\"bdt-panel-slide-desc bdt-position-bottom-left bdt-position-z-index\">\n\n\t\t\t\t\t\t\t\t\n\t\t\t\t\t\t\t\t\n\t\t\t\t\t\t\t\t\n\t\t\t\t\t\t\t<\/div>\n\n\t\t\t\t\t\t\t\t\t\t\t\t\t<\/div>\n\t\t\t\t\t\t\t\t\t\t\t\t<div class=\"bdt-panel-slide-item swiper-slide bdt-transition-toggle\">\n\n\t\t\t\t\t\t\t<div class=\"bdt-panel-slide-thumb-wrapper\">\n\t\t\t\t\t\t\t\t<div class=\"bdt-panel-slide-thumb bdt-background-cover\" data-depth=\"0.2\"\n\t\t\t\t\t\t\t\t\tstyle=\"background-image: url(https:\/\/septlaxcala.gob.mx\/web\/wp-content\/uploads\/2025\/06\/Sarampion.jpeg);\"><\/div>\n\t\t\t\t\t\t\t<\/div>\n\t\t\t\t\t\t\t<div class=\"bdt-panel-slide-desc bdt-position-bottom-left bdt-position-z-index\">\n\n\t\t\t\t\t\t\t\t\n\t\t\t\t\t\t\t\t\n\t\t\t\t\t\t\t\t\n\t\t\t\t\t\t\t<\/div>\n\n\t\t\t\t\t\t\t\t\t\t\t\t\t<\/div>\n\t\t\t\t\t\t\t\t\t\t\t\t<div class=\"bdt-panel-slide-item swiper-slide bdt-transition-toggle\">\n\n\t\t\t\t\t\t\t<div class=\"bdt-panel-slide-thumb-wrapper\">\n\t\t\t\t\t\t\t\t<div class=\"bdt-panel-slide-thumb bdt-background-cover\" data-depth=\"0.2\"\n\t\t\t\t\t\t\t\t\tstyle=\"background-image: url(https:\/\/septlaxcala.gob.mx\/web\/wp-content\/uploads\/2025\/06\/Sarampion-2.jpeg);\"><\/div>\n\t\t\t\t\t\t\t<\/div>\n\t\t\t\t\t\t\t<div class=\"bdt-panel-slide-desc bdt-position-bottom-left bdt-position-z-index\">\n\n\t\t\t\t\t\t\t\t\n\t\t\t\t\t\t\t\t\n\t\t\t\t\t\t\t\t\n\t\t\t\t\t\t\t<\/div>\n\n\t\t\t\t\t\t\t\t\t\t\t\t\t<\/div>\n\t\t\t\t\t\t\t\t\t\t\t\t<div class=\"bdt-panel-slide-item swiper-slide bdt-transition-toggle\">\n\n\t\t\t\t\t\t\t<div class=\"bdt-panel-slide-thumb-wrapper\">\n\t\t\t\t\t\t\t\t<div class=\"bdt-panel-slide-thumb bdt-background-cover\" data-depth=\"0.2\"\n\t\t\t\t\t\t\t\t\tstyle=\"background-image: url(https:\/\/septlaxcala.gob.mx\/web\/wp-content\/uploads\/2025\/06\/Sarampion-3.jpeg);\"><\/div>\n\t\t\t\t\t\t\t<\/div>\n\t\t\t\t\t\t\t<div class=\"bdt-panel-slide-desc bdt-position-bottom-left bdt-position-z-index\">\n\n\t\t\t\t\t\t\t\t\n\t\t\t\t\t\t\t\t\n\t\t\t\t\t\t\t\t\n\t\t\t\t\t\t\t<\/div>\n\n\t\t\t\t\t\t\t\t\t\t\t\t\t<\/div>\n\t\t\t\t\t\t\t\t\t\t\t\t<div class=\"bdt-panel-slide-item swiper-slide bdt-transition-toggle\">\n\n\t\t\t\t\t\t\t<div class=\"bdt-panel-slide-thumb-wrapper\">\n\t\t\t\t\t\t\t\t<div class=\"bdt-panel-slide-thumb bdt-background-cover\" data-depth=\"0.2\"\n\t\t\t\t\t\t\t\t\tstyle=\"background-image: url(https:\/\/septlaxcala.gob.mx\/web\/wp-content\/uploads\/2025\/06\/Sarampion-4.jpeg);\"><\/div>\n\t\t\t\t\t\t\t<\/div>\n\t\t\t\t\t\t\t<div class=\"bdt-panel-slide-desc bdt-position-bottom-left bdt-position-z-index\">\n\n\t\t\t\t\t\t\t\t\n\t\t\t\t\t\t\t\t\n\t\t\t\t\t\t\t\t\n\t\t\t\t\t\t\t<\/div>\n\n\t\t\t\t\t\t\t\t\t\t\t\t\t<\/div>\n\t\t\t\t\t\t\t\t\t\t\t\t<div class=\"bdt-panel-slide-item swiper-slide bdt-transition-toggle\">\n\n\t\t\t\t\t\t\t<div class=\"bdt-panel-slide-thumb-wrapper\">\n\t\t\t\t\t\t\t\t<div class=\"bdt-panel-slide-thumb bdt-background-cover\" data-depth=\"0.2\"\n\t\t\t\t\t\t\t\t\tstyle=\"background-image: url(https:\/\/septlaxcala.gob.mx\/web\/wp-content\/uploads\/2025\/06\/Sarampion-5.jpeg);\"><\/div>\n\t\t\t\t\t\t\t<\/div>\n\t\t\t\t\t\t\t<div class=\"bdt-panel-slide-desc bdt-position-bottom-left bdt-position-z-index\">\n\n\t\t\t\t\t\t\t\t\n\t\t\t\t\t\t\t\t\n\t\t\t\t\t\t\t\t\n\t\t\t\t\t\t\t<\/div>\n\n\t\t\t\t\t\t\t\t\t\t\t\t\t<\/div>\n\t\t\t\t\t\t\t\t\t\t\t\t<div class=\"bdt-panel-slide-item swiper-slide bdt-transition-toggle\">\n\n\t\t\t\t\t\t\t<div class=\"bdt-panel-slide-thumb-wrapper\">\n\t\t\t\t\t\t\t\t<div class=\"bdt-panel-slide-thumb bdt-background-cover\" data-depth=\"0.2\"\n\t\t\t\t\t\t\t\t\tstyle=\"background-image: url(https:\/\/septlaxcala.gob.mx\/web\/wp-content\/uploads\/2025\/06\/Sarampion-6.jpeg);\"><\/div>\n\t\t\t\t\t\t\t<\/div>\n\t\t\t\t\t\t\t<div class=\"bdt-panel-slide-desc bdt-position-bottom-left bdt-position-z-index\">\n\n\t\t\t\t\t\t\t\t\n\t\t\t\t\t\t\t\t\n\t\t\t\t\t\t\t\t\n\t\t\t\t\t\t\t<\/div>\n\n\t\t\t\t\t\t\t\t\t\t\t\t\t<\/div>\n\t\t\t\t\t\t\t\t\t\t\t\t<div class=\"bdt-panel-slide-item swiper-slide bdt-transition-toggle\">\n\n\t\t\t\t\t\t\t<div class=\"bdt-panel-slide-thumb-wrapper\">\n\t\t\t\t\t\t\t\t<div class=\"bdt-panel-slide-thumb bdt-background-cover\" data-depth=\"0.2\"\n\t\t\t\t\t\t\t\t\tstyle=\"background-image: url(https:\/\/septlaxcala.gob.mx\/web\/wp-content\/uploads\/2025\/06\/Sarampion-7.jpeg);\"><\/div>\n\t\t\t\t\t\t\t<\/div>\n\t\t\t\t\t\t\t<div class=\"bdt-panel-slide-desc bdt-position-bottom-left bdt-position-z-index\">\n\n\t\t\t\t\t\t\t\t\n\t\t\t\t\t\t\t\t\n\t\t\t\t\t\t\t\t\n\t\t\t\t\t\t\t<\/div>\n\n\t\t\t\t\t\t\t\t\t\t\t\t\t<\/div>\n\t\t\t\t\t\t\t\t\t\t\t\t<div class=\"bdt-panel-slide-item swiper-slide bdt-transition-toggle\">\n\n\t\t\t\t\t\t\t<div class=\"bdt-panel-slide-thumb-wrapper\">\n\t\t\t\t\t\t\t\t<div class=\"bdt-panel-slide-thumb bdt-background-cover\" data-depth=\"0.2\"\n\t\t\t\t\t\t\t\t\tstyle=\"background-image: url(https:\/\/septlaxcala.gob.mx\/web\/wp-content\/uploads\/2025\/06\/Sarampion-8.jpeg);\"><\/div>\n\t\t\t\t\t\t\t<\/div>\n\t\t\t\t\t\t\t<div class=\"bdt-panel-slide-desc bdt-position-bottom-left bdt-position-z-index\">\n\n\t\t\t\t\t\t\t\t\n\t\t\t\t\t\t\t\t\n\t\t\t\t\t\t\t\t\n\t\t\t\t\t\t\t<\/div>\n\n\t\t\t\t\t\t\t\t\t\t\t\t\t<\/div>\n\t\t\t\t\t\t\t\t\t\t\t\t<div class=\"bdt-panel-slide-item swiper-slide bdt-transition-toggle\">\n\n\t\t\t\t\t\t\t<div class=\"bdt-panel-slide-thumb-wrapper\">\n\t\t\t\t\t\t\t\t<div class=\"bdt-panel-slide-thumb bdt-background-cover\" data-depth=\"0.2\"\n\t\t\t\t\t\t\t\t\tstyle=\"background-image: url(https:\/\/septlaxcala.gob.mx\/web\/wp-content\/uploads\/2025\/06\/Sarampion-9.jpeg);\"><\/div>\n\t\t\t\t\t\t\t<\/div>\n\t\t\t\t\t\t\t<div class=\"bdt-panel-slide-desc bdt-position-bottom-left bdt-position-z-index\">\n\n\t\t\t\t\t\t\t\t\n\t\t\t\t\t\t\t\t\n\t\t\t\t\t\t\t\t\n\t\t\t\t\t\t\t<\/div>\n\n\t\t\t\t\t\t\t\t\t\t\t\t\t<\/div>\n\t\t\t\t\t\t\t\t\t\t\t\t<div class=\"bdt-panel-slide-item swiper-slide bdt-transition-toggle\">\n\n\t\t\t\t\t\t\t<div class=\"bdt-panel-slide-thumb-wrapper\">\n\t\t\t\t\t\t\t\t<div class=\"bdt-panel-slide-thumb bdt-background-cover\" data-depth=\"0.2\"\n\t\t\t\t\t\t\t\t\tstyle=\"background-image: url(https:\/\/septlaxcala.gob.mx\/web\/wp-content\/uploads\/2025\/06\/Sarampion-10.jpeg);\"><\/div>\n\t\t\t\t\t\t\t<\/div>\n\t\t\t\t\t\t\t<div class=\"bdt-panel-slide-desc bdt-position-bottom-left bdt-position-z-index\">\n\n\t\t\t\t\t\t\t\t\n\t\t\t\t\t\t\t\t\n\t\t\t\t\t\t\t\t\n\t\t\t\t\t\t\t<\/div>\n\n\t\t\t\t\t\t\t\t\t\t\t\t\t<\/div>\n\t\t\t\t\t\t\t\t\t\t\t\t<div class=\"bdt-panel-slide-item swiper-slide bdt-transition-toggle\">\n\n\t\t\t\t\t\t\t<div class=\"bdt-panel-slide-thumb-wrapper\">\n\t\t\t\t\t\t\t\t<div class=\"bdt-panel-slide-thumb bdt-background-cover\" data-depth=\"0.2\"\n\t\t\t\t\t\t\t\t\tstyle=\"background-image: url(https:\/\/septlaxcala.gob.mx\/web\/wp-content\/uploads\/2025\/06\/Sarampion-11.jpeg);\"><\/div>\n\t\t\t\t\t\t\t<\/div>\n\t\t\t\t\t\t\t<div class=\"bdt-panel-slide-desc bdt-position-bottom-left bdt-position-z-index\">\n\n\t\t\t\t\t\t\t\t\n\t\t\t\t\t\t\t\t\n\t\t\t\t\t\t\t\t\n\t\t\t\t\t\t\t<\/div>\n\n\t\t\t\t\t\t\t\t\t\t\t\t\t<\/div>\n\t\t\t\t\t\t\t\t\t\t\t\t<div class=\"bdt-panel-slide-item swiper-slide bdt-transition-toggle\">\n\n\t\t\t\t\t\t\t<div class=\"bdt-panel-slide-thumb-wrapper\">\n\t\t\t\t\t\t\t\t<div class=\"bdt-panel-slide-thumb bdt-background-cover\" data-depth=\"0.2\"\n\t\t\t\t\t\t\t\t\tstyle=\"background-image: url(https:\/\/septlaxcala.gob.mx\/web\/wp-content\/uploads\/2025\/06\/Sarampion-12.jpeg);\"><\/div>\n\t\t\t\t\t\t\t<\/div>\n\t\t\t\t\t\t\t<div class=\"bdt-panel-slide-desc bdt-position-bottom-left bdt-position-z-index\">\n\n\t\t\t\t\t\t\t\t\n\t\t\t\t\t\t\t\t\n\t\t\t\t\t\t\t\t\n\t\t\t\t\t\t\t<\/div>\n\n\t\t\t\t\t\t\t\t\t\t\t\t\t<\/div>\n\t\t\t\t\t\t\t\t\t\t\t\t<div class=\"bdt-panel-slide-item swiper-slide bdt-transition-toggle\">\n\n\t\t\t\t\t\t\t<div class=\"bdt-panel-slide-thumb-wrapper\">\n\t\t\t\t\t\t\t\t<div class=\"bdt-panel-slide-thumb bdt-background-cover\" data-depth=\"0.2\"\n\t\t\t\t\t\t\t\t\tstyle=\"background-image: url(https:\/\/septlaxcala.gob.mx\/web\/wp-content\/uploads\/2025\/06\/Sarampion-13.jpeg);\"><\/div>\n\t\t\t\t\t\t\t<\/div>\n\t\t\t\t\t\t\t<div class=\"bdt-panel-slide-desc bdt-position-bottom-left bdt-position-z-index\">\n\n\t\t\t\t\t\t\t\t\n\t\t\t\t\t\t\t\t\n\t\t\t\t\t\t\t\t\n\t\t\t\t\t\t\t<\/div>\n\n\t\t\t\t\t\t\t\t\t\t\t\t\t<\/div>\n\t\t\t\t\t\t\n\t\t\t\t\t\t\t<\/div>\n\t\t\t\t<\/div>\n\n\t\t\t\t\t\t\t<div class=\"bdt-position-z-index bdt-position-center\">\n\t\t\t<div class=\"bdt-arrows-dots-container bdt-slidenav-container \">\n\n\t\t\t\t<div class=\"bdt-flex bdt-flex-middle\">\n\t\t\t\t\t<div class=\"bdt-visible@m\">\n\t\t\t\t\t\t<div class=\"bdt-navigation-prev bdt-slidenav-previous bdt-icon bdt-slidenav\">\n\t\t\t\t\t\t\t<i class=\"ep-icon-arrow-left-0\" aria-hidden=\"true\"><\/i>\n\t\t\t\t\t\t<\/div>\n\t\t\t\t\t<\/div>\n\n\t\t\t\t\t\n\t\t\t\t\t<div class=\"bdt-visible@m\">\n\t\t\t\t\t\t<div class=\"bdt-navigation-next bdt-slidenav-next bdt-icon bdt-slidenav\">\n\t\t\t\t\t\t\t<i class=\"ep-icon-arrow-right-0\" aria-hidden=\"true\"><\/i>\n\t\t\t\t\t\t<\/div>\n\t\t\t\t\t<\/div>\n\n\t\t\t\t<\/div>\n\t\t\t<\/div>\n\t\t<\/div>\n\t\t\t\t\t\t\t\t<div class=\"bdt-position-z-index bdt-position-bottom\">\n\t\t\t\t\t<div class=\"bdt-dots-container\">\n\t\t\t\t\t\t<div class=\"swiper-pagination\"><\/div>\n\t\t\t\t\t<\/div>\n\t\t\t\t<\/div>\n\t\t\t\t\t\n\t\t<\/div>\n\n\t\t\t\t<\/div>\n\t\t\t\t<\/div>\n\t\t\t\t\t<\/div>\n\t\t\t\t<\/div>\n\t\t\t\t<\/div>\n\t\t","protected":false},"excerpt":{"rendered":"<p>Campa\u00f1a de Prevenci\u00f3n del Sarampi\u00f3n<\/p>\n","protected":false},"author":1,"featured_media":0,"parent":0,"menu_order":0,"comment_status":"closed","ping_status":"closed","template":"","meta":{"_monsterinsights_skip_tracking":false,"_monsterinsights_sitenote_active":false,"_monsterinsights_sitenote_note":"","_monsterinsights_sitenote_category":0,"site-sidebar-layout":"no-sidebar","site-content-layout":"page-builder","ast-site-content-layout":"default","site-content-style":"default","site-sidebar-style":"default","ast-global-header-display":"","ast-banner-title-visibility":"","ast-main-header-display":"","ast-hfb-above-header-display":"","ast-hfb-below-header-display":"","ast-hfb-mobile-header-display":"","site-post-title":"disabled","ast-breadcrumbs-content":"","ast-featured-img":"disabled","footer-sml-layout":"","ast-disable-related-posts":"","theme-transparent-header-meta":"enabled","adv-header-id-meta":"","stick-header-meta":"","header-above-stick-meta":"","header-main-stick-meta":"","header-below-stick-meta":"","astra-migrate-meta-layouts":"default","ast-page-background-enabled":"default","ast-page-background-meta":{"desktop":{"background-color":"","background-image":"","background-repeat":"repeat","background-position":"center center","background-size":"auto","background-attachment":"scroll","background-type":"","background-media":"","overlay-type":"","overlay-color":"","overlay-opacity":"","overlay-gradient":""},"tablet":{"background-color":"","background-image":"","background-repeat":"repeat","background-position":"center center","background-size":"auto","background-attachment":"scroll","background-type":"","background-media":"","overlay-type":"","overlay-color":"","overlay-opacity":"","overlay-gradient":""},"mobile":{"background-color":"","background-image":"","background-repeat":"repeat","background-position":"center center","background-size":"auto","background-attachment":"scroll","background-type":"","background-media":"","overlay-type":"","overlay-color":"","overlay-opacity":"","overlay-gradient":""}},"ast-content-background-meta":{"desktop":{"background-color":"var(--ast-global-color-5)","background-image":"","background-repeat":"repeat","background-position":"center center","background-size":"auto","background-attachment":"scroll","background-type":"","background-media":"","overlay-type":"","overlay-color":"","overlay-opacity":"","overlay-gradient":""},"tablet":{"background-color":"var(--ast-global-color-5)","background-image":"","background-repeat":"repeat","background-position":"center center","background-size":"auto","background-attachment":"scroll","background-type":"","background-media":"","overlay-type":"","overlay-color":"","overlay-opacity":"","overlay-gradient":""},"mobile":{"background-color":"var(--ast-global-color-5)","background-image":"","background-repeat":"repeat","background-position":"center center","background-size":"auto","background-attachment":"scroll","background-type":"","background-media":"","overlay-type":"","overlay-color":"","overlay-opacity":"","overlay-gradient":""}},"footnotes":""},"class_list":["post-10850","page","type-page","status-publish","hentry"],"_links":{"self":[{"href":"https:\/\/septlaxcala.gob.mx\/web\/wp-json\/wp\/v2\/pages\/10850","targetHints":{"allow":["GET"]}}],"collection":[{"href":"https:\/\/septlaxcala.gob.mx\/web\/wp-json\/wp\/v2\/pages"}],"about":[{"href":"https:\/\/septlaxcala.gob.mx\/web\/wp-json\/wp\/v2\/types\/page"}],"author":[{"embeddable":true,"href":"https:\/\/septlaxcala.gob.mx\/web\/wp-json\/wp\/v2\/users\/1"}],"replies":[{"embeddable":true,"href":"https:\/\/septlaxcala.gob.mx\/web\/wp-json\/wp\/v2\/comments?post=10850"}],"version-history":[{"count":46,"href":"https:\/\/septlaxcala.gob.mx\/web\/wp-json\/wp\/v2\/pages\/10850\/revisions"}],"predecessor-version":[{"id":14645,"href":"https:\/\/septlaxcala.gob.mx\/web\/wp-json\/wp\/v2\/pages\/10850\/revisions\/14645"}],"wp:attachment":[{"href":"https:\/\/septlaxcala.gob.mx\/web\/wp-json\/wp\/v2\/media?parent=10850"}],"curies":[{"name":"wp","href":"https:\/\/api.w.org\/{rel}","templated":true}]}}