{"id":11894,"date":"2025-10-16T16:06:09","date_gmt":"2025-10-16T22:06:09","guid":{"rendered":"https:\/\/septlaxcala.gob.mx\/web\/?page_id=11894"},"modified":"2026-04-22T13:30:14","modified_gmt":"2026-04-22T19:30:14","slug":"solicitud-y-presentacion-de-examenes","status":"publish","type":"page","link":"https:\/\/septlaxcala.gob.mx\/web\/preparatoria-abierta\/solicitud-y-presentacion-de-examenes\/","title":{"rendered":"Solicitud y Presentaci\u00f3n de Ex\u00e1menes"},"content":{"rendered":"\t\t<div data-elementor-type=\"wp-post\" data-elementor-id=\"11894\" class=\"elementor elementor-11894\">\n\t\t\t\t<div class=\"elementor-element elementor-element-b8d6711 e-flex e-con-boxed wpr-particle-no wpr-jarallax-no wpr-parallax-no wpr-sticky-section-no wpr-column-slider-no wpr-equal-height-no e-con e-parent\" data-id=\"b8d6711\" data-element_type=\"container\" data-e-type=\"container\" data-settings=\"{&quot;background_background&quot;:&quot;gradient&quot;}\">\n\t\t\t\t\t<div class=\"e-con-inner\">\n\t\t\t\t<div class=\"elementor-element elementor-element-32270dc exad-sticky-section-no exad-glass-effect-no elementor-widget elementor-widget-image\" data-id=\"32270dc\" data-element_type=\"widget\" data-e-type=\"widget\" data-widget_type=\"image.default\">\n\t\t\t\t<div class=\"elementor-widget-container\">\n\t\t\t\t\t\t\t\t\t\t\t\t\t\t\t\t<a href=\"https:\/\/septlaxcala.gob.mx\/web\/preparatoria-abierta\/\">\n\t\t\t\t\t\t\t<img decoding=\"async\" src=\"https:\/\/septlaxcala.gob.mx\/web\/wp-content\/uploads\/elementor\/thumbs\/Logotipo-Preparatoria-Abierta-rd985oywln8hteggb0y7nytuh28372o4us0slhkw2g.png\" title=\"Logotipo-Preparatoria-Abierta\" alt=\"Logotipo-Preparatoria-Abierta\" loading=\"lazy\" \/>\t\t\t\t\t\t\t\t<\/a>\n\t\t\t\t\t\t\t\t\t\t\t\t\t\t\t<\/div>\n\t\t\t\t<\/div>\n\t\t\t\t<div class=\"elementor-element elementor-element-541f2d3 premium-nav-hor premium-nav-none premium-ham-dropdown exad-sticky-section-no exad-glass-effect-no elementor-widget elementor-widget-premium-nav-menu\" data-id=\"541f2d3\" data-element_type=\"widget\" data-e-type=\"widget\" data-settings=\"{&quot;submenu_icon&quot;:{&quot;value&quot;:&quot;fas fa-angle-down&quot;,&quot;library&quot;:&quot;fa-solid&quot;},&quot;submenu_item_icon&quot;:{&quot;value&quot;:&quot;&quot;,&quot;library&quot;:&quot;&quot;}}\" data-widget_type=\"premium-nav-menu.default\">\n\t\t\t\t<div class=\"elementor-widget-container\">\n\t\t\t\t\t\t\t<div data-settings=\"{&quot;breakpoint&quot;:1024,&quot;mobileLayout&quot;:&quot;dropdown&quot;,&quot;mainLayout&quot;:&quot;hor&quot;,&quot;stretchDropdown&quot;:false,&quot;hoverEffect&quot;:&quot;&quot;,&quot;submenuEvent&quot;:&quot;hover&quot;,&quot;submenuTrigger&quot;:&quot;item&quot;,&quot;closeAfterClick&quot;:false,&quot;renderMobileMenu&quot;:true}\" class=\"premium-nav-widget-container premium-nav-pointer-none\">\n\t\t\t<div class=\"premium-ver-inner-container\">\n\t\t\t\t\t\t\t\t\t<div class=\"premium-hamburger-toggle premium-mobile-menu-icon\" role=\"button\" aria-label=\"Toggle Menu\">\n\t\t\t\t\t\t<span class=\"premium-toggle-text\">\n\t\t\t\t\t\t\t<i aria-hidden=\"true\" class=\"fas fa-bars\"><\/i>Men\u00fa\t\t\t\t\t\t<\/span>\n\t\t\t\t\t\t<span class=\"premium-toggle-close\">\n\t\t\t\t\t\t\t<i aria-hidden=\"true\" class=\"fas fa-times\"><\/i>Cerrar\t\t\t\t\t\t<\/span>\n\t\t\t\t\t<\/div>\n\t\t\t\t\t\t\t\t\t\t\t<div class=\"premium-nav-menu-container premium-nav-default\">\n\t\t\t\t\t\t\t<ul id=\"menu-preparatoria-abierta\" class=\"premium-nav-menu premium-main-nav-menu\"><li id=\"premium-nav-menu-item-12449\" class=\"menu-item menu-item-type-post_type menu-item-object-page premium-nav-menu-item\"><a href=\"https:\/\/septlaxcala.gob.mx\/web\/preparatoria-abierta\/\" class=\"menu-link premium-menu-link premium-menu-link-parent premium-lq__none\">Preparatoria Abierta<\/a><\/li>\n<li id=\"premium-nav-menu-item-12453\" class=\"menu-item menu-item-type-post_type menu-item-object-page premium-nav-menu-item\"><a href=\"https:\/\/septlaxcala.gob.mx\/web\/preparatoria-abierta\/pago-de-derechos\/\" class=\"menu-link premium-menu-link premium-menu-link-parent premium-lq__none\">Pago de Derechos<\/a><\/li>\n<li id=\"premium-nav-menu-item-12452\" class=\"menu-item menu-item-type-post_type menu-item-object-page premium-nav-menu-item\"><a href=\"https:\/\/septlaxcala.gob.mx\/web\/preparatoria-abierta\/calendarios\/\" class=\"menu-link premium-menu-link premium-menu-link-parent premium-lq__none\">Calendarios<\/a><\/li>\n<li id=\"premium-nav-menu-item-12451\" class=\"menu-item menu-item-type-post_type menu-item-object-page premium-nav-menu-item\"><a href=\"https:\/\/septlaxcala.gob.mx\/web\/preparatoria-abierta\/sedes-de-aplicacion\/\" class=\"menu-link premium-menu-link premium-menu-link-parent premium-lq__none\">Sedes de Aplicaci\u00f3n<\/a><\/li>\n<li id=\"premium-nav-menu-item-12454\" class=\"menu-item menu-item-type-custom menu-item-object-custom menu-item-has-children premium-nav-menu-item premium-item-anchor\"><a aria-expanded=\"false\" href=\"#\" class=\"menu-link premium-menu-link premium-menu-link-parent premium-lq__none\">Calificaciones<i class=\"fas fa-angle-down premium-dropdown-icon\"><\/i><\/a>\n<ul class=\"premium-sub-menu premium-lq__none\">\n\t<li id=\"premium-nav-menu-item-12450\" class=\"menu-item menu-item-type-post_type menu-item-object-page premium-nav-menu-item premium-sub-menu-item\"><a href=\"https:\/\/septlaxcala.gob.mx\/web\/preparatoria-abierta\/2604-b\/\" class=\"menu-link premium-menu-link premium-sub-menu-link\">2604-B<\/a><\/li>\n<\/ul>\n<\/li>\n<li id=\"premium-nav-menu-item-12455\" class=\"menu-item menu-item-type-custom menu-item-object-custom menu-item-has-children premium-nav-menu-item premium-item-anchor\"><a aria-expanded=\"false\" href=\"#\" class=\"menu-link premium-menu-link premium-menu-link-parent premium-lq__none\">Tutoriales<i class=\"fas fa-angle-down premium-dropdown-icon\"><\/i><\/a>\n<ul class=\"premium-sub-menu premium-lq__none\">\n\t<li id=\"premium-nav-menu-item-13553\" class=\"menu-item menu-item-type-custom menu-item-object-custom premium-nav-menu-item premium-sub-menu-item\"><a href=\"https:\/\/mievaprepaabierta.sep.gob.mx\/\" class=\"menu-link premium-menu-link premium-sub-menu-link\">Mi EVA<\/a><\/li>\n\t<li id=\"premium-nav-menu-item-13554\" class=\"menu-item menu-item-type-custom menu-item-object-custom premium-nav-menu-item premium-sub-menu-item\"><a href=\"https:\/\/caed.sep.gob.mx\/recursos-educativos-digitales-accesibles\" class=\"menu-link premium-menu-link premium-sub-menu-link\">CAED<\/a><\/li>\n<\/ul>\n<\/li>\n<\/ul>\t\t\t\t\t\t<\/div>\n\t\t\t\t\t\t\t\t\t\t\t\t<div class=\"premium-mobile-menu-container\">\n\t\t\t\t\t\t\t\t\t\t\t\t\t\t\t<ul id=\"menu-preparatoria-abierta-1\" class=\"premium-mobile-menu premium-main-mobile-menu premium-main-nav-menu\"><li id=\"premium-nav-menu-item-124491\" class=\"menu-item menu-item-type-post_type menu-item-object-page premium-nav-menu-item\"><a href=\"https:\/\/septlaxcala.gob.mx\/web\/preparatoria-abierta\/\" class=\"menu-link premium-menu-link premium-menu-link-parent premium-lq__none\">Preparatoria Abierta<\/a><\/li>\n<li id=\"premium-nav-menu-item-124532\" class=\"menu-item menu-item-type-post_type menu-item-object-page premium-nav-menu-item\"><a href=\"https:\/\/septlaxcala.gob.mx\/web\/preparatoria-abierta\/pago-de-derechos\/\" class=\"menu-link premium-menu-link premium-menu-link-parent premium-lq__none\">Pago de Derechos<\/a><\/li>\n<li id=\"premium-nav-menu-item-124523\" class=\"menu-item menu-item-type-post_type menu-item-object-page premium-nav-menu-item\"><a href=\"https:\/\/septlaxcala.gob.mx\/web\/preparatoria-abierta\/calendarios\/\" class=\"menu-link premium-menu-link premium-menu-link-parent premium-lq__none\">Calendarios<\/a><\/li>\n<li id=\"premium-nav-menu-item-124514\" class=\"menu-item menu-item-type-post_type menu-item-object-page premium-nav-menu-item\"><a href=\"https:\/\/septlaxcala.gob.mx\/web\/preparatoria-abierta\/sedes-de-aplicacion\/\" class=\"menu-link premium-menu-link premium-menu-link-parent premium-lq__none\">Sedes de Aplicaci\u00f3n<\/a><\/li>\n<li id=\"premium-nav-menu-item-124545\" class=\"menu-item menu-item-type-custom menu-item-object-custom menu-item-has-children premium-nav-menu-item premium-item-anchor\"><a aria-expanded=\"false\" href=\"#\" class=\"menu-link premium-menu-link premium-menu-link-parent premium-lq__none\">Calificaciones<i class=\"fas fa-angle-down premium-dropdown-icon\"><\/i><\/a>\n<ul class=\"premium-sub-menu premium-lq__none\">\n\t<li id=\"premium-nav-menu-item-124506\" class=\"menu-item menu-item-type-post_type menu-item-object-page premium-nav-menu-item premium-sub-menu-item\"><a href=\"https:\/\/septlaxcala.gob.mx\/web\/preparatoria-abierta\/2604-b\/\" class=\"menu-link premium-menu-link premium-sub-menu-link\">2604-B<\/a><\/li>\n<\/ul>\n<\/li>\n<li id=\"premium-nav-menu-item-124557\" class=\"menu-item menu-item-type-custom menu-item-object-custom menu-item-has-children premium-nav-menu-item premium-item-anchor\"><a aria-expanded=\"false\" href=\"#\" class=\"menu-link premium-menu-link premium-menu-link-parent premium-lq__none\">Tutoriales<i class=\"fas fa-angle-down premium-dropdown-icon\"><\/i><\/a>\n<ul class=\"premium-sub-menu premium-lq__none\">\n\t<li id=\"premium-nav-menu-item-135538\" class=\"menu-item menu-item-type-custom menu-item-object-custom premium-nav-menu-item premium-sub-menu-item\"><a href=\"https:\/\/mievaprepaabierta.sep.gob.mx\/\" class=\"menu-link premium-menu-link premium-sub-menu-link\">Mi EVA<\/a><\/li>\n\t<li id=\"premium-nav-menu-item-135549\" class=\"menu-item menu-item-type-custom menu-item-object-custom premium-nav-menu-item premium-sub-menu-item\"><a href=\"https:\/\/caed.sep.gob.mx\/recursos-educativos-digitales-accesibles\" class=\"menu-link premium-menu-link premium-sub-menu-link\">CAED<\/a><\/li>\n<\/ul>\n<\/li>\n<\/ul>\t\t\t\t\t\t\t\t\t\t\t\t\t\t<\/div>\n\t\t\t\t\t\t\t\t\t\t<\/div>\n\t\t\t<\/div>\n\t\t\t\t\t\t\t<\/div>\n\t\t\t\t<\/div>\n\t\t\t\t\t<\/div>\n\t\t\t\t<\/div>\n\t\t<div class=\"elementor-element elementor-element-486f7f8 e-con-full e-flex wpr-particle-no wpr-jarallax-no wpr-parallax-no wpr-sticky-section-no wpr-column-slider-no wpr-equal-height-no e-con e-parent\" data-id=\"486f7f8\" data-element_type=\"container\" data-e-type=\"container\" data-settings=\"{&quot;background_background&quot;:&quot;slideshow&quot;,&quot;background_slideshow_gallery&quot;:[{&quot;id&quot;:9669,&quot;url&quot;:&quot;https:\\\/\\\/septlaxcala.gob.mx\\\/web\\\/wp-content\\\/uploads\\\/2025\\\/03\\\/student-reading-textbook.png&quot;}],&quot;background_slideshow_ken_burns&quot;:&quot;yes&quot;,&quot;background_slideshow_loop&quot;:&quot;yes&quot;,&quot;background_slideshow_slide_duration&quot;:5000,&quot;background_slideshow_slide_transition&quot;:&quot;fade&quot;,&quot;background_slideshow_transition_duration&quot;:500,&quot;background_slideshow_ken_burns_zoom_direction&quot;:&quot;in&quot;}\">\n\t\t\t\t<div class=\"elementor-element elementor-element-6a99fac premium-title-center premium-title-color exad-sticky-section-no exad-glass-effect-no elementor-widget elementor-widget-premium-addon-title\" data-id=\"6a99fac\" data-element_type=\"widget\" data-e-type=\"widget\" data-widget_type=\"premium-addon-title.default\">\n\t\t\t\t<div class=\"elementor-widget-container\">\n\t\t\t\t\t\n\t\t<div class=\"premium-title-wrapper\">\n\t\t\t<div class=\"premium-title-container style3\">\n\t\t\t\t<h2 class=\"premium-title-header premium-title-style3\">\n\t\t\t\t\t\n\t\t\t\t\t\n\t\t\t\t\t\t\t\t\t\t\t\t\t\t\t<span class=\"premium-title-text\">\n\t\t\t\t\t\tSolicitud y Presentaci\u00f3n de Ex\u00e1menes\t\t\t\t\t<\/span>\n\t\t\t\t\t\t\n\t\t\t\t\t\t\t\t\t\t\n\t\t\t\t\t\t\t\t\t<\/h2>\n\n\t\t\t<\/div>\n\n\t\t\t\t\t<\/div>\n\n\t\t\t\t\t\t<\/div>\n\t\t\t\t<\/div>\n\t\t\t\t<\/div>\n\t\t<div class=\"elementor-element elementor-element-77b80e7 e-flex e-con-boxed wpr-particle-no wpr-jarallax-no wpr-parallax-no wpr-sticky-section-no wpr-column-slider-no wpr-equal-height-no e-con e-parent\" data-id=\"77b80e7\" data-element_type=\"container\" data-e-type=\"container\">\n\t\t\t\t\t<div class=\"e-con-inner\">\n\t\t\t\t<div class=\"elementor-element elementor-element-d3d118e exad-sticky-section-no exad-glass-effect-no elementor-widget elementor-widget-text-editor\" data-id=\"d3d118e\" data-element_type=\"widget\" data-e-type=\"widget\" data-widget_type=\"text-editor.default\">\n\t\t\t\t<div class=\"elementor-widget-container\">\n\t\t\t\t\t\t\t\t\t<p style=\"text-align: justify;\">En Preparatoria Abierta la solicitud y presentaci\u00f3n de los ex\u00e1menes se<strong>\u00a0realiza de forma presencial\u00a0<\/strong>de acuerdo a un calendario que se emite de forma cuatrimestral. Al solicitar sus ex\u00e1menes el estudiante cuenta en promedio con un mes para prepararse para su evaluaci\u00f3n.<\/p><p style=\"text-align: justify;\">Los estudiantes de los Planes de Estudio Modular y por Asignatura,\u00a0<strong>podr\u00e1n solicitar hasta 4 ex\u00e1menes en cada fase<\/strong>\u00a0de solicitud, siempre y cuando no choquen en horario y d\u00eda de presentaci\u00f3n; para el caso de estudiantes de nuevo ingreso s\u00f3lo podr\u00e1n solicitar<strong>\u00a02 ex\u00e1menes en su primera solicitud<\/strong>.<\/p><p style=\"text-align: justify;\">La Solicitud de Ex\u00e1menes se realiza de acuerdo a un Calendario cuatrimestral, que emite la Direcci\u00f3n de Sistemas Abiertos (DSA) y es de car\u00e1cter nacional.<\/p>\t\t\t\t\t\t\t\t<\/div>\n\t\t\t\t<\/div>\n\t\t\t\t<div class=\"elementor-element elementor-element-ca82e2b exad-sticky-section-no exad-glass-effect-no elementor-widget elementor-widget-bdt-accordion\" data-id=\"ca82e2b\" data-element_type=\"widget\" data-e-type=\"widget\" data-widget_type=\"bdt-accordion.default\">\n\t\t\t\t<div class=\"elementor-widget-container\">\n\t\t\t\t\t\t\t<div class=\"bdt-ep-accordion-container\">\n\t\t\t<div id=\"bdt-ep-accordion-ca82e2b\" class=\"bdt-ep-accordion bdt-accordion\" data-bdt-accordion=\"{&quot;collapsible&quot;:true,&quot;multiple&quot;:false,&quot;animation&quot;:true,&quot;transition&quot;:&quot;ease-in-out&quot;,&quot;duration&quot;:200}\" \t\tdata-settings=\"{&quot;id&quot;:&quot;bdt-ep-accordion-ca82e2b&quot;,&quot;activeHash&quot;:&quot;no&quot;,&quot;activeScrollspy&quot;:null,&quot;hashTopOffset&quot;:false,&quot;hashScrollspyTime&quot;:false,&quot;closeAllItemsOnMobile&quot;:false}\">\n\t\t\t\t\t\t\t\t\t<div class=\"bdt-ep-accordion-item\">\n\t\t\t\t\t\t<h3\t\t\t\t\t\t\tclass=\"bdt-ep-accordion-title bdt-accordion-title bdt-flex bdt-flex-middle bdt-flex-between\" id=\"bdt-ep-accordion-cmo-solicito-los-exmenes\"\n\t\t\t\t\t\t\tdata-accordion-index=\"0\" data-title=\"c-mo-solicito-los-ex-menes\">\n\n\t\t\t\t\t\t\t\t\t\t\t\t\t\t\t<span class=\"bdt-ep-accordion-icon bdt-flex-align-right\"\n\t\t\t\t\t\t\t\t\taria-hidden=\"true\">\n\n\t\t\t\t\t\t\t\t\t\t\t\t\t\t\t\t\t\t\t<span class=\"bdt-ep-accordion-icon-closed\">\n\t\t\t\t\t\t\t\t\t\t\t<i aria-hidden=\"true\" class=\"fa-fw fas fa-chevron-down\"><\/i>\t\t\t\t\t\t\t\t\t\t<\/span>\n\t\t\t\t\t\t\t\t\t\n\t\t\t\t\t\t\t\t\t\t\t\t\t\t\t\t\t\t\t<span class=\"bdt-ep-accordion-icon-opened\">\n\t\t\t\t\t\t\t\t\t\t\t<i aria-hidden=\"true\" class=\"fa-fw fas fa-chevron-up\"><\/i>\t\t\t\t\t\t\t\t\t\t<\/span>\n\t\t\t\t\t\t\t\t\t\n\t\t\t\t\t\t\t\t<\/span>\n\t\t\t\t\t\t\t\n\t\t\t\t\t\t\t<span role=\"heading\" class=\"bdt-ep-title-text bdt-flex-inline bdt-flex-middle\" >\n\n\t\t\t\t\t\t\t\t\t\t\t\t\t\t\t\t\u00bfC\u00d3MO SOLICITO LOS EX\u00c1MENES?\t\t\t\t\t\t\t<\/span>\n\n\t\t\t\t\t\t<\/h3>\n\t\t\t\t\t\t<div class=\"bdt-ep-accordion-content bdt-accordion-content\">\n\t\t\t\t\t\t\t<p class=\"cdt4ke\" style=\"vertical-align: top; text-align: justify;\"><a href=\"https:\/\/septlaxcala.gob.mx\/web\/preparatoria-abierta\/solicitud-y-presentacion-de-examenes\/lineamientos-que-regulan-la-presentacion-de-examenes\/\">Conoce los lineamientos que Regulan la Presentaci\u00f3n de Ex\u00e1menes<\/a><\/p>\t\t\t\t\t\t<\/div>\n\t\t\t\t\t<\/div>\n\t\t\t\t\t\t\t<\/div>\n\t\t<\/div>\n\t\t\t\t\t\t<\/div>\n\t\t\t\t<\/div>\n\t\t\t\t<div class=\"elementor-element elementor-element-7987304 elementor-align-center exad-sticky-section-no exad-glass-effect-no elementor-widget elementor-widget-button\" data-id=\"7987304\" data-element_type=\"widget\" data-e-type=\"widget\" data-widget_type=\"button.default\">\n\t\t\t\t<div class=\"elementor-widget-container\">\n\t\t\t\t\t\t\t\t\t<div class=\"elementor-button-wrapper\">\n\t\t\t\t\t<a class=\"elementor-button elementor-button-link elementor-size-sm\" href=\"https:\/\/septlaxcala.gob.mx\/web\/preparatoria-abierta\/\">\n\t\t\t\t\t\t<span class=\"elementor-button-content-wrapper\">\n\t\t\t\t\t\t<span class=\"elementor-button-icon\">\n\t\t\t\t<i aria-hidden=\"true\" class=\"fas fa-arrow-left\"><\/i>\t\t\t<\/span>\n\t\t\t\t\t\t\t\t\t<span class=\"elementor-button-text\">Regresar<\/span>\n\t\t\t\t\t<\/span>\n\t\t\t\t\t<\/a>\n\t\t\t\t<\/div>\n\t\t\t\t\t\t\t\t<\/div>\n\t\t\t\t<\/div>\n\t\t\t\t\t<\/div>\n\t\t\t\t<\/div>\n\t\t\t\t<\/div>\n\t\t","protected":false},"excerpt":{"rendered":"<p>Men\u00fa Cerrar Preparatoria Abierta Pago de Derechos Calendarios Sedes de Aplicaci\u00f3n Calificaciones 2603-B Tutoriales Mi EVA CAED Preparatoria Abierta Pago de Derechos Calendarios Sedes de Aplicaci\u00f3n Calificaciones 2603-B Tutoriales Mi EVA CAED Solicitud y Presentaci\u00f3n de Ex\u00e1menes En Preparatoria Abierta la solicitud y presentaci\u00f3n de los ex\u00e1menes se\u00a0realiza de forma presencial\u00a0de acuerdo a un calendario que se emite de forma cuatrimestral. Al solicitar sus ex\u00e1menes el estudiante cuenta en promedio con un mes para prepararse para su evaluaci\u00f3n. Los estudiantes de los Planes de Estudio Modular y por Asignatura,\u00a0podr\u00e1n solicitar hasta 4 ex\u00e1menes en cada fase\u00a0de solicitud, siempre y cuando no choquen en horario y d\u00eda de presentaci\u00f3n; para el caso de estudiantes de nuevo ingreso s\u00f3lo podr\u00e1n solicitar\u00a02 ex\u00e1menes en su primera solicitud. La Solicitud de Ex\u00e1menes se realiza de acuerdo a un Calendario cuatrimestral, que emite la Direcci\u00f3n de Sistemas Abiertos (DSA) y es de car\u00e1cter nacional. \u00bfC\u00d3MO SOLICITO LOS EX\u00c1MENES? Conoce los lineamientos que Regulan la Presentaci\u00f3n de Ex\u00e1menes Regresar<\/p>\n","protected":false},"author":315232,"featured_media":0,"parent":11812,"menu_order":0,"comment_status":"closed","ping_status":"closed","template":"","meta":{"_monsterinsights_skip_tracking":false,"_monsterinsights_sitenote_active":false,"_monsterinsights_sitenote_note":"","_monsterinsights_sitenote_category":0,"site-sidebar-layout":"no-sidebar","site-content-layout":"page-builder","ast-site-content-layout":"default","site-content-style":"default","site-sidebar-style":"default","ast-global-header-display":"","ast-banner-title-visibility":"","ast-main-header-display":"","ast-hfb-above-header-display":"","ast-hfb-below-header-display":"","ast-hfb-mobile-header-display":"","site-post-title":"disabled","ast-breadcrumbs-content":"","ast-featured-img":"disabled","footer-sml-layout":"","ast-disable-related-posts":"","theme-transparent-header-meta":"enabled","adv-header-id-meta":"","stick-header-meta":"","header-above-stick-meta":"","header-main-stick-meta":"","header-below-stick-meta":"","astra-migrate-meta-layouts":"default","ast-page-background-enabled":"default","ast-page-background-meta":{"desktop":{"background-color":"","background-image":"","background-repeat":"repeat","background-position":"center center","background-size":"auto","background-attachment":"scroll","background-type":"","background-media":"","overlay-type":"","overlay-color":"","overlay-opacity":"","overlay-gradient":""},"tablet":{"background-color":"","background-image":"","background-repeat":"repeat","background-position":"center center","background-size":"auto","background-attachment":"scroll","background-type":"","background-media":"","overlay-type":"","overlay-color":"","overlay-opacity":"","overlay-gradient":""},"mobile":{"background-color":"","background-image":"","background-repeat":"repeat","background-position":"center center","background-size":"auto","background-attachment":"scroll","background-type":"","background-media":"","overlay-type":"","overlay-color":"","overlay-opacity":"","overlay-gradient":""}},"ast-content-background-meta":{"desktop":{"background-color":"var(--ast-global-color-5)","background-image":"","background-repeat":"repeat","background-position":"center center","background-size":"auto","background-attachment":"scroll","background-type":"","background-media":"","overlay-type":"","overlay-color":"","overlay-opacity":"","overlay-gradient":""},"tablet":{"background-color":"var(--ast-global-color-5)","background-image":"","background-repeat":"repeat","background-position":"center center","background-size":"auto","background-attachment":"scroll","background-type":"","background-media":"","overlay-type":"","overlay-color":"","overlay-opacity":"","overlay-gradient":""},"mobile":{"background-color":"var(--ast-global-color-5)","background-image":"","background-repeat":"repeat","background-position":"center center","background-size":"auto","background-attachment":"scroll","background-type":"","background-media":"","overlay-type":"","overlay-color":"","overlay-opacity":"","overlay-gradient":""}},"footnotes":""},"class_list":["post-11894","page","type-page","status-publish","hentry"],"_links":{"self":[{"href":"https:\/\/septlaxcala.gob.mx\/web\/wp-json\/wp\/v2\/pages\/11894","targetHints":{"allow":["GET"]}}],"collection":[{"href":"https:\/\/septlaxcala.gob.mx\/web\/wp-json\/wp\/v2\/pages"}],"about":[{"href":"https:\/\/septlaxcala.gob.mx\/web\/wp-json\/wp\/v2\/types\/page"}],"author":[{"embeddable":true,"href":"https:\/\/septlaxcala.gob.mx\/web\/wp-json\/wp\/v2\/users\/315232"}],"replies":[{"embeddable":true,"href":"https:\/\/septlaxcala.gob.mx\/web\/wp-json\/wp\/v2\/comments?post=11894"}],"version-history":[{"count":46,"href":"https:\/\/septlaxcala.gob.mx\/web\/wp-json\/wp\/v2\/pages\/11894\/revisions"}],"predecessor-version":[{"id":15093,"href":"https:\/\/septlaxcala.gob.mx\/web\/wp-json\/wp\/v2\/pages\/11894\/revisions\/15093"}],"up":[{"embeddable":true,"href":"https:\/\/septlaxcala.gob.mx\/web\/wp-json\/wp\/v2\/pages\/11812"}],"wp:attachment":[{"href":"https:\/\/septlaxcala.gob.mx\/web\/wp-json\/wp\/v2\/media?parent=11894"}],"curies":[{"name":"wp","href":"https:\/\/api.w.org\/{rel}","templated":true}]}}