{"id":12054,"date":"2025-10-21T15:42:55","date_gmt":"2025-10-21T21:42:55","guid":{"rendered":"https:\/\/septlaxcala.gob.mx\/web\/?page_id=12054"},"modified":"2026-04-22T12:55:16","modified_gmt":"2026-04-22T18:55:16","slug":"pago-de-derechos","status":"publish","type":"page","link":"https:\/\/septlaxcala.gob.mx\/web\/preparatoria-abierta\/pago-de-derechos\/","title":{"rendered":"Pago de Derechos"},"content":{"rendered":"\t\t<div data-elementor-type=\"wp-post\" data-elementor-id=\"12054\" class=\"elementor elementor-12054\">\n\t\t\t\t<div class=\"elementor-element elementor-element-3f095e8 e-flex e-con-boxed wpr-particle-no wpr-jarallax-no wpr-parallax-no wpr-sticky-section-no wpr-equal-height-no e-con e-parent\" data-id=\"3f095e8\" data-element_type=\"container\" data-e-type=\"container\" data-settings=\"{&quot;background_background&quot;:&quot;gradient&quot;}\">\n\t\t\t\t\t<div class=\"e-con-inner\">\n\t\t\t\t<div class=\"elementor-element elementor-element-242bc74 exad-sticky-section-no exad-glass-effect-no elementor-widget elementor-widget-image\" data-id=\"242bc74\" data-element_type=\"widget\" data-e-type=\"widget\" data-widget_type=\"image.default\">\n\t\t\t\t<div class=\"elementor-widget-container\">\n\t\t\t\t\t\t\t\t\t\t\t\t\t\t\t\t<a href=\"https:\/\/septlaxcala.gob.mx\/web\/preparatoria-abierta\/\">\n\t\t\t\t\t\t\t<img decoding=\"async\" src=\"https:\/\/septlaxcala.gob.mx\/web\/wp-content\/uploads\/elementor\/thumbs\/Logotipo-Preparatoria-Abierta-rd985oywln8hteggb0y7nytuh28372o4us0slhkw2g.png\" title=\"Logotipo-Preparatoria-Abierta\" alt=\"Logotipo-Preparatoria-Abierta\" loading=\"lazy\" \/>\t\t\t\t\t\t\t\t<\/a>\n\t\t\t\t\t\t\t\t\t\t\t\t\t\t\t<\/div>\n\t\t\t\t<\/div>\n\t\t\t\t<div class=\"elementor-element elementor-element-21f5909 premium-nav-hor premium-nav-none premium-ham-dropdown exad-sticky-section-no exad-glass-effect-no elementor-widget elementor-widget-premium-nav-menu\" data-id=\"21f5909\" data-element_type=\"widget\" data-e-type=\"widget\" data-settings=\"{&quot;submenu_icon&quot;:{&quot;value&quot;:&quot;fas fa-angle-down&quot;,&quot;library&quot;:&quot;fa-solid&quot;},&quot;submenu_item_icon&quot;:{&quot;value&quot;:&quot;&quot;,&quot;library&quot;:&quot;&quot;}}\" data-widget_type=\"premium-nav-menu.default\">\n\t\t\t\t<div class=\"elementor-widget-container\">\n\t\t\t\t\t\t\t<div data-settings=\"{&quot;breakpoint&quot;:1024,&quot;mobileLayout&quot;:&quot;dropdown&quot;,&quot;mainLayout&quot;:&quot;hor&quot;,&quot;stretchDropdown&quot;:false,&quot;hoverEffect&quot;:&quot;&quot;,&quot;submenuEvent&quot;:&quot;hover&quot;,&quot;submenuTrigger&quot;:&quot;item&quot;,&quot;closeAfterClick&quot;:false,&quot;renderMobileMenu&quot;:true}\" class=\"premium-nav-widget-container premium-nav-pointer-none\">\n\t\t\t<div class=\"premium-ver-inner-container\">\n\t\t\t\t\t\t\t\t\t<div class=\"premium-hamburger-toggle premium-mobile-menu-icon\" role=\"button\" aria-label=\"Toggle Menu\">\n\t\t\t\t\t\t<span class=\"premium-toggle-text\">\n\t\t\t\t\t\t\t<i aria-hidden=\"true\" class=\"fas fa-bars\"><\/i>Men\u00fa\t\t\t\t\t\t<\/span>\n\t\t\t\t\t\t<span class=\"premium-toggle-close\">\n\t\t\t\t\t\t\t<i aria-hidden=\"true\" class=\"fas fa-times\"><\/i>Cerrar\t\t\t\t\t\t<\/span>\n\t\t\t\t\t<\/div>\n\t\t\t\t\t\t\t\t\t\t\t<div class=\"premium-nav-menu-container premium-nav-default\">\n\t\t\t\t\t\t\t<ul id=\"menu-preparatoria-abierta\" class=\"premium-nav-menu premium-main-nav-menu\"><li id=\"premium-nav-menu-item-12449\" class=\"menu-item menu-item-type-post_type menu-item-object-page premium-nav-menu-item\"><a href=\"https:\/\/septlaxcala.gob.mx\/web\/preparatoria-abierta\/\" class=\"menu-link premium-menu-link premium-menu-link-parent premium-lq__none\">Preparatoria Abierta<\/a><\/li>\n<li id=\"premium-nav-menu-item-12453\" class=\"menu-item menu-item-type-post_type menu-item-object-page premium-nav-menu-item\"><a href=\"https:\/\/septlaxcala.gob.mx\/web\/preparatoria-abierta\/pago-de-derechos\/\" class=\"menu-link premium-menu-link premium-menu-link-parent premium-lq__none\">Pago de Derechos<\/a><\/li>\n<li id=\"premium-nav-menu-item-12452\" class=\"menu-item menu-item-type-post_type menu-item-object-page premium-nav-menu-item\"><a href=\"https:\/\/septlaxcala.gob.mx\/web\/preparatoria-abierta\/calendarios\/\" class=\"menu-link premium-menu-link premium-menu-link-parent premium-lq__none\">Calendarios<\/a><\/li>\n<li id=\"premium-nav-menu-item-12451\" class=\"menu-item menu-item-type-post_type menu-item-object-page premium-nav-menu-item\"><a href=\"https:\/\/septlaxcala.gob.mx\/web\/preparatoria-abierta\/sedes-de-aplicacion\/\" class=\"menu-link premium-menu-link premium-menu-link-parent premium-lq__none\">Sedes de Aplicaci\u00f3n<\/a><\/li>\n<li id=\"premium-nav-menu-item-12454\" class=\"menu-item menu-item-type-custom menu-item-object-custom menu-item-has-children premium-nav-menu-item premium-item-anchor\"><a aria-expanded=\"false\" href=\"#\" class=\"menu-link premium-menu-link premium-menu-link-parent premium-lq__none\">Calificaciones<i class=\"fas fa-angle-down premium-dropdown-icon\"><\/i><\/a>\n<ul class=\"premium-sub-menu premium-lq__none\">\n\t<li id=\"premium-nav-menu-item-12450\" class=\"menu-item menu-item-type-post_type menu-item-object-page premium-nav-menu-item premium-sub-menu-item\"><a href=\"https:\/\/septlaxcala.gob.mx\/web\/preparatoria-abierta\/2604-b\/\" class=\"menu-link premium-menu-link premium-sub-menu-link\">2604-B<\/a><\/li>\n<\/ul>\n<\/li>\n<li id=\"premium-nav-menu-item-12455\" class=\"menu-item menu-item-type-custom menu-item-object-custom menu-item-has-children premium-nav-menu-item premium-item-anchor\"><a aria-expanded=\"false\" href=\"#\" class=\"menu-link premium-menu-link premium-menu-link-parent premium-lq__none\">Tutoriales<i class=\"fas fa-angle-down premium-dropdown-icon\"><\/i><\/a>\n<ul class=\"premium-sub-menu premium-lq__none\">\n\t<li id=\"premium-nav-menu-item-13553\" class=\"menu-item menu-item-type-custom menu-item-object-custom premium-nav-menu-item premium-sub-menu-item\"><a href=\"https:\/\/mievaprepaabierta.sep.gob.mx\/\" class=\"menu-link premium-menu-link premium-sub-menu-link\">Mi EVA<\/a><\/li>\n\t<li id=\"premium-nav-menu-item-13554\" class=\"menu-item menu-item-type-custom menu-item-object-custom premium-nav-menu-item premium-sub-menu-item\"><a href=\"https:\/\/caed.sep.gob.mx\/recursos-educativos-digitales-accesibles\" class=\"menu-link premium-menu-link premium-sub-menu-link\">CAED<\/a><\/li>\n<\/ul>\n<\/li>\n<\/ul>\t\t\t\t\t\t<\/div>\n\t\t\t\t\t\t\t\t\t\t\t\t<div class=\"premium-mobile-menu-container\">\n\t\t\t\t\t\t\t\t\t\t\t\t\t\t\t<ul id=\"menu-preparatoria-abierta-1\" class=\"premium-mobile-menu premium-main-mobile-menu premium-main-nav-menu\"><li id=\"premium-nav-menu-item-124491\" class=\"menu-item menu-item-type-post_type menu-item-object-page premium-nav-menu-item\"><a href=\"https:\/\/septlaxcala.gob.mx\/web\/preparatoria-abierta\/\" class=\"menu-link premium-menu-link premium-menu-link-parent premium-lq__none\">Preparatoria Abierta<\/a><\/li>\n<li id=\"premium-nav-menu-item-124532\" class=\"menu-item menu-item-type-post_type menu-item-object-page premium-nav-menu-item\"><a href=\"https:\/\/septlaxcala.gob.mx\/web\/preparatoria-abierta\/pago-de-derechos\/\" class=\"menu-link premium-menu-link premium-menu-link-parent premium-lq__none\">Pago de Derechos<\/a><\/li>\n<li id=\"premium-nav-menu-item-124523\" class=\"menu-item menu-item-type-post_type menu-item-object-page premium-nav-menu-item\"><a href=\"https:\/\/septlaxcala.gob.mx\/web\/preparatoria-abierta\/calendarios\/\" class=\"menu-link premium-menu-link premium-menu-link-parent premium-lq__none\">Calendarios<\/a><\/li>\n<li id=\"premium-nav-menu-item-124514\" class=\"menu-item menu-item-type-post_type menu-item-object-page premium-nav-menu-item\"><a href=\"https:\/\/septlaxcala.gob.mx\/web\/preparatoria-abierta\/sedes-de-aplicacion\/\" class=\"menu-link premium-menu-link premium-menu-link-parent premium-lq__none\">Sedes de Aplicaci\u00f3n<\/a><\/li>\n<li id=\"premium-nav-menu-item-124545\" class=\"menu-item menu-item-type-custom menu-item-object-custom menu-item-has-children premium-nav-menu-item premium-item-anchor\"><a aria-expanded=\"false\" href=\"#\" class=\"menu-link premium-menu-link premium-menu-link-parent premium-lq__none\">Calificaciones<i class=\"fas fa-angle-down premium-dropdown-icon\"><\/i><\/a>\n<ul class=\"premium-sub-menu premium-lq__none\">\n\t<li id=\"premium-nav-menu-item-124506\" class=\"menu-item menu-item-type-post_type menu-item-object-page premium-nav-menu-item premium-sub-menu-item\"><a href=\"https:\/\/septlaxcala.gob.mx\/web\/preparatoria-abierta\/2604-b\/\" class=\"menu-link premium-menu-link premium-sub-menu-link\">2604-B<\/a><\/li>\n<\/ul>\n<\/li>\n<li id=\"premium-nav-menu-item-124557\" class=\"menu-item menu-item-type-custom menu-item-object-custom menu-item-has-children premium-nav-menu-item premium-item-anchor\"><a aria-expanded=\"false\" href=\"#\" class=\"menu-link premium-menu-link premium-menu-link-parent premium-lq__none\">Tutoriales<i class=\"fas fa-angle-down premium-dropdown-icon\"><\/i><\/a>\n<ul class=\"premium-sub-menu premium-lq__none\">\n\t<li id=\"premium-nav-menu-item-135538\" class=\"menu-item menu-item-type-custom menu-item-object-custom premium-nav-menu-item premium-sub-menu-item\"><a href=\"https:\/\/mievaprepaabierta.sep.gob.mx\/\" class=\"menu-link premium-menu-link premium-sub-menu-link\">Mi EVA<\/a><\/li>\n\t<li id=\"premium-nav-menu-item-135549\" class=\"menu-item menu-item-type-custom menu-item-object-custom premium-nav-menu-item premium-sub-menu-item\"><a href=\"https:\/\/caed.sep.gob.mx\/recursos-educativos-digitales-accesibles\" class=\"menu-link premium-menu-link premium-sub-menu-link\">CAED<\/a><\/li>\n<\/ul>\n<\/li>\n<\/ul>\t\t\t\t\t\t\t\t\t\t\t\t\t\t<\/div>\n\t\t\t\t\t\t\t\t\t\t<\/div>\n\t\t\t<\/div>\n\t\t\t\t\t\t\t<\/div>\n\t\t\t\t<\/div>\n\t\t\t\t\t<\/div>\n\t\t\t\t<\/div>\n\t\t<div class=\"elementor-element elementor-element-2d0ba6c e-con-full e-flex wpr-particle-no wpr-jarallax-no wpr-parallax-no wpr-sticky-section-no wpr-equal-height-no e-con e-parent\" data-id=\"2d0ba6c\" data-element_type=\"container\" data-e-type=\"container\" data-settings=\"{&quot;background_background&quot;:&quot;slideshow&quot;,&quot;background_slideshow_gallery&quot;:[{&quot;id&quot;:12104,&quot;url&quot;:&quot;https:\\\/\\\/septlaxcala.gob.mx\\\/web\\\/wp-content\\\/uploads\\\/2025\\\/10\\\/big-bag-of-money.png&quot;}],&quot;background_slideshow_ken_burns&quot;:&quot;yes&quot;,&quot;background_slideshow_loop&quot;:&quot;yes&quot;,&quot;background_slideshow_slide_duration&quot;:5000,&quot;background_slideshow_slide_transition&quot;:&quot;fade&quot;,&quot;background_slideshow_transition_duration&quot;:500,&quot;background_slideshow_ken_burns_zoom_direction&quot;:&quot;in&quot;}\">\n\t\t\t\t<div class=\"elementor-element elementor-element-e3635ab premium-title-center premium-title-color exad-sticky-section-no exad-glass-effect-no elementor-widget elementor-widget-premium-addon-title\" data-id=\"e3635ab\" data-element_type=\"widget\" data-e-type=\"widget\" data-widget_type=\"premium-addon-title.default\">\n\t\t\t\t<div class=\"elementor-widget-container\">\n\t\t\t\t\t\n\t\t<div class=\"premium-title-wrapper\">\n\t\t\t<div class=\"premium-title-container style3\">\n\t\t\t\t<h2 class=\"premium-title-header premium-title-style3\">\n\t\t\t\t\t\n\t\t\t\t\t\n\t\t\t\t\t\t\t\t\t\t\t\t\t\t\t<span class=\"premium-title-text\">\n\t\t\t\t\t\tPago de Derechos\t\t\t\t\t<\/span>\n\t\t\t\t\t\t\n\t\t\t\t\t\t\t\t\t\t\n\t\t\t\t\t\t\t\t\t<\/h2>\n\n\t\t\t<\/div>\n\n\t\t\t\t\t<\/div>\n\n\t\t\t\t\t\t<\/div>\n\t\t\t\t<\/div>\n\t\t\t\t<\/div>\n\t\t<div class=\"elementor-element elementor-element-9e6a48e e-flex e-con-boxed wpr-particle-no wpr-jarallax-no wpr-parallax-no wpr-sticky-section-no wpr-equal-height-no e-con e-parent\" data-id=\"9e6a48e\" data-element_type=\"container\" data-e-type=\"container\">\n\t\t\t\t\t<div class=\"e-con-inner\">\n\t\t\t\t<div class=\"elementor-element elementor-element-de2fd55 exad-sticky-section-no exad-glass-effect-no elementor-widget elementor-widget-text-editor\" data-id=\"de2fd55\" data-element_type=\"widget\" data-e-type=\"widget\" data-widget_type=\"text-editor.default\">\n\t\t\t\t<div class=\"elementor-widget-container\">\n\t\t\t\t\t\t\t\t\t<p style=\"text-align: justify;\">Los pagos de derechos deben realizarse para poder acceder a los servicios educativos, a excepci\u00f3n de aquellos que sean gratuitos.<br \/>El pago de derechos se puede realizar mediante dep\u00f3sito en efectivo en: <strong>multicajero \u00a0SANTANDER cuenta: 65509619374. <img decoding=\"async\" class=\"aligncenter wp-image-12056 size-full\" src=\"https:\/\/septlaxcala.gob.mx\/web\/wp-content\/uploads\/2025\/10\/santander.png\" alt=\"\" width=\"185\" height=\"42\" \/><\/strong><\/p><p style=\"text-align: justify;\"><strong>El comprobante ser\u00e1 v\u00e1lido siempre y cuando sea visible el n\u00famero de folio, movimiento, importe y fecha del dep\u00f3sito.<br \/><\/strong>(No se aceptan Transferencias ni pagos en tiendas de conveniencia).<\/p><p><img fetchpriority=\"high\" decoding=\"async\" class=\"aligncenter wp-image-13109 size-large\" src=\"https:\/\/septlaxcala.gob.mx\/web\/wp-content\/uploads\/2026\/01\/COSTOS-2026-1024x576.jpg\" alt=\"\" width=\"1024\" height=\"576\" srcset=\"https:\/\/septlaxcala.gob.mx\/web\/wp-content\/uploads\/2026\/01\/COSTOS-2026-1024x576.jpg 1024w, https:\/\/septlaxcala.gob.mx\/web\/wp-content\/uploads\/2026\/01\/COSTOS-2026-300x169.jpg 300w, https:\/\/septlaxcala.gob.mx\/web\/wp-content\/uploads\/2026\/01\/COSTOS-2026-768x432.jpg 768w, https:\/\/septlaxcala.gob.mx\/web\/wp-content\/uploads\/2026\/01\/COSTOS-2026.jpg 1280w\" sizes=\"(max-width: 1024px) 100vw, 1024px\" \/><\/p><p>Despu\u00e9s de realizar el pago de los servicios deber\u00e1s llenar en la copia de voucher los siguientes datos:<\/p><p><img decoding=\"async\" class=\"aligncenter wp-image-12144 size-full\" src=\"https:\/\/septlaxcala.gob.mx\/web\/wp-content\/uploads\/2025\/10\/tabla_prepaabierta.png\" alt=\"\" width=\"339\" height=\"248\" srcset=\"https:\/\/septlaxcala.gob.mx\/web\/wp-content\/uploads\/2025\/10\/tabla_prepaabierta.png 339w, https:\/\/septlaxcala.gob.mx\/web\/wp-content\/uploads\/2025\/10\/tabla_prepaabierta-300x219.png 300w\" sizes=\"(max-width: 339px) 100vw, 339px\" \/><\/p><p style=\"text-align: justify;\"><strong>Nota:<\/strong> Entregar v\u00e1ucher original y copia requisitada, para obtener comprobante de solicitud de ex\u00e1menes.<\/p><div class=\"intersub-ai-chat\" style=\"position: fixed !important; color: initial; font: initial; writing-mode: initial; aspect-ratio: initial; background: initial; background-blend-mode: initial; border: initial; border-radius: initial; border-collapse: initial; bottom: 0px !important; box-shadow: initial; caption-side: initial; clear: initial; columns: initial; column-fill: initial; gap: initial; column-rule: initial; column-span: initial; cursor: initial; filter: initial; flex: initial; flex-direction: column !important; flex-wrap: initial; float: initial; height: initial; left: initial; letter-spacing: initial; margin: initial; max-height: 100% !important; max-width: initial; min-height: initial; min-width: initial; object-fit: initial; object-position: initial; opacity: initial; overflow: hidden; padding: initial; right: 0px !important; text-align: initial; text-decoration: initial; text-indent: initial; text-transform: initial; top: 0px !important; vertical-align: initial; border-spacing: initial; width: initial; z-index: 2000000000 !important;\">\u00a0<\/div>\t\t\t\t\t\t\t\t<\/div>\n\t\t\t\t<\/div>\n\t\t\t\t<div class=\"elementor-element elementor-element-db9859a elementor-align-center exad-sticky-section-no exad-glass-effect-no elementor-widget elementor-widget-button\" data-id=\"db9859a\" data-element_type=\"widget\" data-e-type=\"widget\" data-widget_type=\"button.default\">\n\t\t\t\t<div class=\"elementor-widget-container\">\n\t\t\t\t\t\t\t\t\t<div class=\"elementor-button-wrapper\">\n\t\t\t\t\t<a class=\"elementor-button elementor-button-link elementor-size-sm\" href=\"https:\/\/septlaxcala.gob.mx\/web\/preparatoria-abierta\/\">\n\t\t\t\t\t\t<span class=\"elementor-button-content-wrapper\">\n\t\t\t\t\t\t<span class=\"elementor-button-icon\">\n\t\t\t\t<i aria-hidden=\"true\" class=\"fas fa-arrow-left\"><\/i>\t\t\t<\/span>\n\t\t\t\t\t\t\t\t\t<span class=\"elementor-button-text\">Regresar<\/span>\n\t\t\t\t\t<\/span>\n\t\t\t\t\t<\/a>\n\t\t\t\t<\/div>\n\t\t\t\t\t\t\t\t<\/div>\n\t\t\t\t<\/div>\n\t\t\t\t\t<\/div>\n\t\t\t\t<\/div>\n\t\t\t\t<\/div>\n\t\t","protected":false},"excerpt":{"rendered":"<p>Men\u00fa Cerrar Preparatoria Abierta Pago de Derechos Calendarios Sedes de Aplicaci\u00f3n Calificaciones 2603-B Tutoriales Mi EVA CAED Preparatoria Abierta Pago de Derechos Calendarios Sedes de Aplicaci\u00f3n Calificaciones 2603-B Tutoriales Mi EVA CAED Pago de Derechos Los pagos de derechos deben realizarse para poder acceder a los servicios educativos, a excepci\u00f3n de aquellos que sean gratuitos.El pago de derechos se puede realizar mediante dep\u00f3sito en efectivo en: multicajero \u00a0SANTANDER cuenta: 65509619374. El comprobante ser\u00e1 v\u00e1lido siempre y cuando sea visible el n\u00famero de folio, movimiento, importe y fecha del dep\u00f3sito.(No se aceptan Transferencias ni pagos en tiendas de conveniencia). Despu\u00e9s de realizar el pago de los servicios deber\u00e1s llenar en la copia de voucher los siguientes datos: Nota: Entregar v\u00e1ucher original y copia requisitada, para obtener comprobante de solicitud de ex\u00e1menes. \u00a0 Regresar<\/p>\n","protected":false},"author":315232,"featured_media":0,"parent":11812,"menu_order":0,"comment_status":"closed","ping_status":"closed","template":"","meta":{"_monsterinsights_skip_tracking":false,"_monsterinsights_sitenote_active":false,"_monsterinsights_sitenote_note":"","_monsterinsights_sitenote_category":0,"site-sidebar-layout":"no-sidebar","site-content-layout":"page-builder","ast-site-content-layout":"default","site-content-style":"default","site-sidebar-style":"default","ast-global-header-display":"","ast-banner-title-visibility":"","ast-main-header-display":"","ast-hfb-above-header-display":"","ast-hfb-below-header-display":"","ast-hfb-mobile-header-display":"","site-post-title":"disabled","ast-breadcrumbs-content":"","ast-featured-img":"disabled","footer-sml-layout":"","ast-disable-related-posts":"","theme-transparent-header-meta":"enabled","adv-header-id-meta":"","stick-header-meta":"","header-above-stick-meta":"","header-main-stick-meta":"","header-below-stick-meta":"","astra-migrate-meta-layouts":"default","ast-page-background-enabled":"default","ast-page-background-meta":{"desktop":{"background-color":"","background-image":"","background-repeat":"repeat","background-position":"center center","background-size":"auto","background-attachment":"scroll","background-type":"","background-media":"","overlay-type":"","overlay-color":"","overlay-opacity":"","overlay-gradient":""},"tablet":{"background-color":"","background-image":"","background-repeat":"repeat","background-position":"center center","background-size":"auto","background-attachment":"scroll","background-type":"","background-media":"","overlay-type":"","overlay-color":"","overlay-opacity":"","overlay-gradient":""},"mobile":{"background-color":"","background-image":"","background-repeat":"repeat","background-position":"center center","background-size":"auto","background-attachment":"scroll","background-type":"","background-media":"","overlay-type":"","overlay-color":"","overlay-opacity":"","overlay-gradient":""}},"ast-content-background-meta":{"desktop":{"background-color":"var(--ast-global-color-5)","background-image":"","background-repeat":"repeat","background-position":"center center","background-size":"auto","background-attachment":"scroll","background-type":"","background-media":"","overlay-type":"","overlay-color":"","overlay-opacity":"","overlay-gradient":""},"tablet":{"background-color":"var(--ast-global-color-5)","background-image":"","background-repeat":"repeat","background-position":"center center","background-size":"auto","background-attachment":"scroll","background-type":"","background-media":"","overlay-type":"","overlay-color":"","overlay-opacity":"","overlay-gradient":""},"mobile":{"background-color":"var(--ast-global-color-5)","background-image":"","background-repeat":"repeat","background-position":"center center","background-size":"auto","background-attachment":"scroll","background-type":"","background-media":"","overlay-type":"","overlay-color":"","overlay-opacity":"","overlay-gradient":""}},"footnotes":""},"class_list":["post-12054","page","type-page","status-publish","hentry"],"_links":{"self":[{"href":"https:\/\/septlaxcala.gob.mx\/web\/wp-json\/wp\/v2\/pages\/12054","targetHints":{"allow":["GET"]}}],"collection":[{"href":"https:\/\/septlaxcala.gob.mx\/web\/wp-json\/wp\/v2\/pages"}],"about":[{"href":"https:\/\/septlaxcala.gob.mx\/web\/wp-json\/wp\/v2\/types\/page"}],"author":[{"embeddable":true,"href":"https:\/\/septlaxcala.gob.mx\/web\/wp-json\/wp\/v2\/users\/315232"}],"replies":[{"embeddable":true,"href":"https:\/\/septlaxcala.gob.mx\/web\/wp-json\/wp\/v2\/comments?post=12054"}],"version-history":[{"count":37,"href":"https:\/\/septlaxcala.gob.mx\/web\/wp-json\/wp\/v2\/pages\/12054\/revisions"}],"predecessor-version":[{"id":15082,"href":"https:\/\/septlaxcala.gob.mx\/web\/wp-json\/wp\/v2\/pages\/12054\/revisions\/15082"}],"up":[{"embeddable":true,"href":"https:\/\/septlaxcala.gob.mx\/web\/wp-json\/wp\/v2\/pages\/11812"}],"wp:attachment":[{"href":"https:\/\/septlaxcala.gob.mx\/web\/wp-json\/wp\/v2\/media?parent=12054"}],"curies":[{"name":"wp","href":"https:\/\/api.w.org\/{rel}","templated":true}]}}