{"id":12215,"date":"2025-10-24T12:44:10","date_gmt":"2025-10-24T18:44:10","guid":{"rendered":"https:\/\/septlaxcala.gob.mx\/web\/?page_id=12215"},"modified":"2026-03-23T11:24:05","modified_gmt":"2026-03-23T17:24:05","slug":"calendarios","status":"publish","type":"page","link":"https:\/\/septlaxcala.gob.mx\/web\/preparatoria-abierta\/calendarios\/","title":{"rendered":"Calendarios"},"content":{"rendered":"\t\t<div data-elementor-type=\"wp-post\" data-elementor-id=\"12215\" class=\"elementor elementor-12215\">\n\t\t\t\t\t\t<section class=\"elementor-section elementor-top-section elementor-element elementor-element-761c3b1 elementor-section-full_width elementor-section-height-default elementor-section-height-default exad-glass-effect-no wpr-particle-no wpr-jarallax-no wpr-parallax-no wpr-sticky-section-no wpr-equal-height-no exad-sticky-section-no\" data-id=\"761c3b1\" data-element_type=\"section\" data-e-type=\"section\" data-settings=\"{&quot;background_background&quot;:&quot;slideshow&quot;,&quot;background_slideshow_gallery&quot;:[{&quot;id&quot;:&quot;9648&quot;,&quot;url&quot;:&quot;https:\\\/\\\/septlaxcala.gob.mx\\\/web\\\/wp-content\\\/uploads\\\/2025\\\/03\\\/girl-with-laptop.png&quot;}],&quot;background_slideshow_ken_burns&quot;:&quot;yes&quot;,&quot;background_slideshow_loop&quot;:&quot;yes&quot;,&quot;background_slideshow_slide_duration&quot;:5000,&quot;background_slideshow_slide_transition&quot;:&quot;fade&quot;,&quot;background_slideshow_transition_duration&quot;:500,&quot;background_slideshow_ken_burns_zoom_direction&quot;:&quot;in&quot;}\">\n\t\t\t\t\t\t\t<div class=\"elementor-background-overlay\"><\/div>\n\t\t\t\t\t\t\t<div class=\"elementor-container elementor-column-gap-no\">\n\t\t\t\t\t<div class=\"elementor-column elementor-col-100 elementor-top-column elementor-element elementor-element-dcbabd2 exad-glass-effect-no exad-sticky-section-no\" data-id=\"dcbabd2\" data-element_type=\"column\" data-e-type=\"column\">\n\t\t\t<div class=\"elementor-widget-wrap elementor-element-populated\">\n\t\t\t\t\t\t<section class=\"elementor-section elementor-inner-section elementor-element elementor-element-f74fed8 elementor-section-full_width elementor-section-height-default elementor-section-height-default exad-glass-effect-no wpr-particle-no wpr-jarallax-no wpr-parallax-no wpr-sticky-section-no wpr-equal-height-no exad-sticky-section-no\" data-id=\"f74fed8\" data-element_type=\"section\" data-e-type=\"section\">\n\t\t\t\t\t\t\t<div class=\"elementor-background-overlay\"><\/div>\n\t\t\t\t\t\t\t<div class=\"elementor-container elementor-column-gap-default\">\n\t\t\t\t\t<div class=\"elementor-column elementor-col-50 elementor-inner-column elementor-element elementor-element-8705983 exad-glass-effect-no exad-sticky-section-no\" data-id=\"8705983\" data-element_type=\"column\" data-e-type=\"column\">\n\t\t\t<div class=\"elementor-widget-wrap elementor-element-populated\">\n\t\t\t\t\t\t<div class=\"elementor-element elementor-element-707d380 exad-sticky-section-no exad-glass-effect-no elementor-widget elementor-widget-image\" data-id=\"707d380\" data-element_type=\"widget\" data-e-type=\"widget\" data-widget_type=\"image.default\">\n\t\t\t\t<div class=\"elementor-widget-container\">\n\t\t\t\t\t\t\t\t\t\t\t\t\t\t\t\t<a href=\"https:\/\/septlaxcala.gob.mx\/web\/preparatoria-abierta\/\">\n\t\t\t\t\t\t\t<img decoding=\"async\" src=\"https:\/\/septlaxcala.gob.mx\/web\/wp-content\/uploads\/elementor\/thumbs\/Logotipo-Preparatoria-Abierta-rd985oywln8hteggb0y7nytuh28372o4us0slhkw2g.png\" title=\"Logotipo-Preparatoria-Abierta\" alt=\"Logotipo-Preparatoria-Abierta\" loading=\"lazy\" \/>\t\t\t\t\t\t\t\t<\/a>\n\t\t\t\t\t\t\t\t\t\t\t\t\t\t\t<\/div>\n\t\t\t\t<\/div>\n\t\t\t\t\t<\/div>\n\t\t<\/div>\n\t\t\t\t<div class=\"elementor-column elementor-col-50 elementor-inner-column elementor-element elementor-element-b1fd308 exad-glass-effect-no exad-sticky-section-no\" data-id=\"b1fd308\" data-element_type=\"column\" data-e-type=\"column\">\n\t\t\t<div class=\"elementor-widget-wrap elementor-element-populated\">\n\t\t\t\t\t\t<div class=\"elementor-element elementor-element-8be4c89 premium-nav-hor premium-nav-none premium-ham-dropdown exad-sticky-section-no exad-glass-effect-no elementor-widget elementor-widget-premium-nav-menu\" data-id=\"8be4c89\" data-element_type=\"widget\" data-e-type=\"widget\" data-settings=\"{&quot;submenu_icon&quot;:{&quot;value&quot;:&quot;fas fa-angle-down&quot;,&quot;library&quot;:&quot;fa-solid&quot;},&quot;submenu_item_icon&quot;:{&quot;value&quot;:&quot;&quot;,&quot;library&quot;:&quot;&quot;}}\" data-widget_type=\"premium-nav-menu.default\">\n\t\t\t\t<div class=\"elementor-widget-container\">\n\t\t\t\t\t\t\t<div data-settings=\"{&quot;breakpoint&quot;:1024,&quot;mobileLayout&quot;:&quot;dropdown&quot;,&quot;mainLayout&quot;:&quot;hor&quot;,&quot;stretchDropdown&quot;:false,&quot;hoverEffect&quot;:&quot;&quot;,&quot;submenuEvent&quot;:&quot;hover&quot;,&quot;submenuTrigger&quot;:&quot;item&quot;,&quot;closeAfterClick&quot;:false,&quot;renderMobileMenu&quot;:true}\" class=\"premium-nav-widget-container premium-nav-pointer-none\">\n\t\t\t<div class=\"premium-ver-inner-container\">\n\t\t\t\t\t\t\t\t\t<div class=\"premium-hamburger-toggle premium-mobile-menu-icon\" role=\"button\" aria-label=\"Toggle Menu\">\n\t\t\t\t\t\t<span class=\"premium-toggle-text\">\n\t\t\t\t\t\t\t<i aria-hidden=\"true\" class=\"fas fa-bars\"><\/i>Men\u00fa\t\t\t\t\t\t<\/span>\n\t\t\t\t\t\t<span class=\"premium-toggle-close\">\n\t\t\t\t\t\t\t<i aria-hidden=\"true\" class=\"fas fa-times\"><\/i>Cerrar\t\t\t\t\t\t<\/span>\n\t\t\t\t\t<\/div>\n\t\t\t\t\t\t\t\t\t\t\t<div class=\"premium-nav-menu-container premium-nav-default\">\n\t\t\t\t\t\t\t<ul id=\"menu-preparatoria-abierta\" class=\"premium-nav-menu premium-main-nav-menu\"><li id=\"premium-nav-menu-item-12449\" class=\"menu-item menu-item-type-post_type menu-item-object-page premium-nav-menu-item\"><a href=\"https:\/\/septlaxcala.gob.mx\/web\/preparatoria-abierta\/\" class=\"menu-link premium-menu-link premium-menu-link-parent premium-lq__none\">Preparatoria Abierta<\/a><\/li>\n<li id=\"premium-nav-menu-item-12453\" class=\"menu-item menu-item-type-post_type menu-item-object-page premium-nav-menu-item\"><a href=\"https:\/\/septlaxcala.gob.mx\/web\/preparatoria-abierta\/pago-de-derechos\/\" class=\"menu-link premium-menu-link premium-menu-link-parent premium-lq__none\">Pago de Derechos<\/a><\/li>\n<li id=\"premium-nav-menu-item-12452\" class=\"menu-item menu-item-type-post_type menu-item-object-page premium-nav-menu-item\"><a href=\"https:\/\/septlaxcala.gob.mx\/web\/preparatoria-abierta\/calendarios\/\" class=\"menu-link premium-menu-link premium-menu-link-parent premium-lq__none\">Calendarios<\/a><\/li>\n<li id=\"premium-nav-menu-item-12451\" class=\"menu-item menu-item-type-post_type menu-item-object-page premium-nav-menu-item\"><a href=\"https:\/\/septlaxcala.gob.mx\/web\/preparatoria-abierta\/sedes-de-aplicacion\/\" class=\"menu-link premium-menu-link premium-menu-link-parent premium-lq__none\">Sedes de Aplicaci\u00f3n<\/a><\/li>\n<li id=\"premium-nav-menu-item-12454\" class=\"menu-item menu-item-type-custom menu-item-object-custom menu-item-has-children premium-nav-menu-item premium-item-anchor\"><a aria-expanded=\"false\" href=\"#\" class=\"menu-link premium-menu-link premium-menu-link-parent premium-lq__none\">Calificaciones<i class=\"fas fa-angle-down premium-dropdown-icon\"><\/i><\/a>\n<ul class=\"premium-sub-menu premium-lq__none\">\n\t<li id=\"premium-nav-menu-item-12450\" class=\"menu-item menu-item-type-post_type menu-item-object-page premium-nav-menu-item premium-sub-menu-item\"><a href=\"https:\/\/septlaxcala.gob.mx\/web\/preparatoria-abierta\/2603-b\/\" class=\"menu-link premium-menu-link premium-sub-menu-link\">2603-B<\/a><\/li>\n<\/ul>\n<\/li>\n<li id=\"premium-nav-menu-item-12455\" class=\"menu-item menu-item-type-custom menu-item-object-custom menu-item-has-children premium-nav-menu-item premium-item-anchor\"><a aria-expanded=\"false\" href=\"#\" class=\"menu-link premium-menu-link premium-menu-link-parent premium-lq__none\">Tutoriales<i class=\"fas fa-angle-down premium-dropdown-icon\"><\/i><\/a>\n<ul class=\"premium-sub-menu premium-lq__none\">\n\t<li id=\"premium-nav-menu-item-13553\" class=\"menu-item menu-item-type-custom menu-item-object-custom premium-nav-menu-item premium-sub-menu-item\"><a href=\"https:\/\/mievaprepaabierta.sep.gob.mx\/\" class=\"menu-link premium-menu-link premium-sub-menu-link\">Mi EVA<\/a><\/li>\n\t<li id=\"premium-nav-menu-item-13554\" class=\"menu-item menu-item-type-custom menu-item-object-custom premium-nav-menu-item premium-sub-menu-item\"><a href=\"https:\/\/caed.sep.gob.mx\/recursos-educativos-digitales-accesibles\" class=\"menu-link premium-menu-link premium-sub-menu-link\">CAED<\/a><\/li>\n<\/ul>\n<\/li>\n<\/ul>\t\t\t\t\t\t<\/div>\n\t\t\t\t\t\t\t\t\t\t\t\t<div class=\"premium-mobile-menu-container\">\n\t\t\t\t\t\t\t\t\t\t\t\t\t\t\t<ul id=\"menu-preparatoria-abierta-1\" class=\"premium-mobile-menu premium-main-mobile-menu premium-main-nav-menu\"><li id=\"premium-nav-menu-item-124491\" class=\"menu-item menu-item-type-post_type menu-item-object-page premium-nav-menu-item\"><a href=\"https:\/\/septlaxcala.gob.mx\/web\/preparatoria-abierta\/\" class=\"menu-link premium-menu-link premium-menu-link-parent premium-lq__none\">Preparatoria Abierta<\/a><\/li>\n<li id=\"premium-nav-menu-item-124532\" class=\"menu-item menu-item-type-post_type menu-item-object-page premium-nav-menu-item\"><a href=\"https:\/\/septlaxcala.gob.mx\/web\/preparatoria-abierta\/pago-de-derechos\/\" class=\"menu-link premium-menu-link premium-menu-link-parent premium-lq__none\">Pago de Derechos<\/a><\/li>\n<li id=\"premium-nav-menu-item-124523\" class=\"menu-item menu-item-type-post_type menu-item-object-page premium-nav-menu-item\"><a href=\"https:\/\/septlaxcala.gob.mx\/web\/preparatoria-abierta\/calendarios\/\" class=\"menu-link premium-menu-link premium-menu-link-parent premium-lq__none\">Calendarios<\/a><\/li>\n<li id=\"premium-nav-menu-item-124514\" class=\"menu-item menu-item-type-post_type menu-item-object-page premium-nav-menu-item\"><a href=\"https:\/\/septlaxcala.gob.mx\/web\/preparatoria-abierta\/sedes-de-aplicacion\/\" class=\"menu-link premium-menu-link premium-menu-link-parent premium-lq__none\">Sedes de Aplicaci\u00f3n<\/a><\/li>\n<li id=\"premium-nav-menu-item-124545\" class=\"menu-item menu-item-type-custom menu-item-object-custom menu-item-has-children premium-nav-menu-item premium-item-anchor\"><a aria-expanded=\"false\" href=\"#\" class=\"menu-link premium-menu-link premium-menu-link-parent premium-lq__none\">Calificaciones<i class=\"fas fa-angle-down premium-dropdown-icon\"><\/i><\/a>\n<ul class=\"premium-sub-menu premium-lq__none\">\n\t<li id=\"premium-nav-menu-item-124506\" class=\"menu-item menu-item-type-post_type menu-item-object-page premium-nav-menu-item premium-sub-menu-item\"><a href=\"https:\/\/septlaxcala.gob.mx\/web\/preparatoria-abierta\/2603-b\/\" class=\"menu-link premium-menu-link premium-sub-menu-link\">2603-B<\/a><\/li>\n<\/ul>\n<\/li>\n<li id=\"premium-nav-menu-item-124557\" class=\"menu-item menu-item-type-custom menu-item-object-custom menu-item-has-children premium-nav-menu-item premium-item-anchor\"><a aria-expanded=\"false\" href=\"#\" class=\"menu-link premium-menu-link premium-menu-link-parent premium-lq__none\">Tutoriales<i class=\"fas fa-angle-down premium-dropdown-icon\"><\/i><\/a>\n<ul class=\"premium-sub-menu premium-lq__none\">\n\t<li id=\"premium-nav-menu-item-135538\" class=\"menu-item menu-item-type-custom menu-item-object-custom premium-nav-menu-item premium-sub-menu-item\"><a href=\"https:\/\/mievaprepaabierta.sep.gob.mx\/\" class=\"menu-link premium-menu-link premium-sub-menu-link\">Mi EVA<\/a><\/li>\n\t<li id=\"premium-nav-menu-item-135549\" class=\"menu-item menu-item-type-custom menu-item-object-custom premium-nav-menu-item premium-sub-menu-item\"><a href=\"https:\/\/caed.sep.gob.mx\/recursos-educativos-digitales-accesibles\" class=\"menu-link premium-menu-link premium-sub-menu-link\">CAED<\/a><\/li>\n<\/ul>\n<\/li>\n<\/ul>\t\t\t\t\t\t\t\t\t\t\t\t\t\t<\/div>\n\t\t\t\t\t\t\t\t\t\t<\/div>\n\t\t\t<\/div>\n\t\t\t\t\t\t\t<\/div>\n\t\t\t\t<\/div>\n\t\t\t\t\t<\/div>\n\t\t<\/div>\n\t\t\t\t\t<\/div>\n\t\t<\/section>\n\t\t\t\t<section class=\"elementor-section elementor-inner-section elementor-element elementor-element-11594f9 elementor-section-full_width elementor-section-height-default elementor-section-height-default exad-glass-effect-no wpr-particle-no wpr-jarallax-no wpr-parallax-no wpr-sticky-section-no wpr-equal-height-no exad-sticky-section-no\" data-id=\"11594f9\" data-element_type=\"section\" data-e-type=\"section\">\n\t\t\t\t\t\t<div class=\"elementor-container elementor-column-gap-default\">\n\t\t\t\t\t<div class=\"elementor-column elementor-col-100 elementor-inner-column elementor-element elementor-element-4df97b8 exad-glass-effect-no exad-sticky-section-no\" data-id=\"4df97b8\" data-element_type=\"column\" data-e-type=\"column\">\n\t\t\t<div class=\"elementor-widget-wrap elementor-element-populated\">\n\t\t\t\t\t\t<div class=\"elementor-element elementor-element-eab4284 premium-title-center premium-title-color exad-sticky-section-no exad-glass-effect-no elementor-widget elementor-widget-premium-addon-title\" data-id=\"eab4284\" data-element_type=\"widget\" data-e-type=\"widget\" data-widget_type=\"premium-addon-title.default\">\n\t\t\t\t<div class=\"elementor-widget-container\">\n\t\t\t\t\t\n\t\t<div class=\"premium-title-container style3\">\n\t\t\t<h2 class=\"premium-title-header premium-title-style3\">\n\t\t\t\t\n\t\t\t\t\n\t\t\t\t\t\t\t\t\t\t\t\t<span class=\"premium-title-text\">\n\t\t\t\t\tCalendarios\t\t\t\t<\/span>\n\t\t\t\t\t\n\t\t\t\t\t\t\t\t\n\t\t\t\t\t\t\t<\/h2>\n\n\t\t<\/div>\n\n\t\t\t\t\t\t<\/div>\n\t\t\t\t<\/div>\n\t\t\t\t\t<\/div>\n\t\t<\/div>\n\t\t\t\t\t<\/div>\n\t\t<\/section>\n\t\t\t\t\t<\/div>\n\t\t<\/div>\n\t\t\t\t\t<\/div>\n\t\t<\/section>\n\t\t\t\t<section class=\"elementor-section elementor-top-section elementor-element elementor-element-b54d4ff elementor-section-boxed elementor-section-height-default elementor-section-height-default exad-glass-effect-no wpr-particle-no wpr-jarallax-no wpr-parallax-no wpr-sticky-section-no wpr-equal-height-no exad-sticky-section-no\" data-id=\"b54d4ff\" data-element_type=\"section\" data-e-type=\"section\">\n\t\t\t\t\t\t<div class=\"elementor-container elementor-column-gap-no\">\n\t\t\t\t\t<div class=\"elementor-column elementor-col-100 elementor-top-column elementor-element elementor-element-ae61747 exad-glass-effect-no exad-sticky-section-no\" data-id=\"ae61747\" data-element_type=\"column\" data-e-type=\"column\">\n\t\t\t<div class=\"elementor-widget-wrap elementor-element-populated\">\n\t\t\t\t\t\t<div class=\"elementor-element elementor-element-97dc9ba exad-sticky-section-no exad-glass-effect-no elementor-widget elementor-widget-text-editor\" data-id=\"97dc9ba\" data-element_type=\"widget\" data-e-type=\"widget\" data-widget_type=\"text-editor.default\">\n\t\t\t\t<div class=\"elementor-widget-container\">\n\t\t\t\t\t\t\t\t\t<p style=\"text-align: justify\">La solicitud de ex\u00e1menes en Preparatoria Abierta se realiza de acuerdo a los Calendarios de Solicitud y Presentaci\u00f3n de Ex\u00e1menes, los cuales son emitidos por la Direcci\u00f3n de Sistemas Abierto (DSA) y son de car\u00e1cter nacional, es importante apegarse a los periodos establecidos.\u00a0<\/p><p style=\"text-align: justify\">Calendarios de acuerdo a los planes de estudio:<\/p>\t\t\t\t\t\t\t\t<\/div>\n\t\t\t\t<\/div>\n\t\t\t\t\t<\/div>\n\t\t<\/div>\n\t\t\t\t\t<\/div>\n\t\t<\/section>\n\t\t\t\t<section class=\"elementor-section elementor-top-section elementor-element elementor-element-b25a854 elementor-section-full_width elementor-section-height-default elementor-section-height-default exad-glass-effect-no wpr-particle-no wpr-jarallax-no wpr-parallax-no wpr-sticky-section-no wpr-equal-height-no exad-sticky-section-no\" data-id=\"b25a854\" data-element_type=\"section\" data-e-type=\"section\" data-settings=\"{&quot;background_background&quot;:&quot;classic&quot;}\">\n\t\t\t\t\t\t<div class=\"elementor-container elementor-column-gap-no\">\n\t\t\t\t\t<div class=\"elementor-column elementor-col-100 elementor-top-column elementor-element elementor-element-5b7ebd9 exad-glass-effect-no exad-sticky-section-no\" data-id=\"5b7ebd9\" data-element_type=\"column\" data-e-type=\"column\">\n\t\t\t<div class=\"elementor-widget-wrap elementor-element-populated\">\n\t\t\t\t\t\t<div class=\"elementor-element elementor-element-17844df elementor-arrows-position-outside elementor-pagination-position-outside exad-sticky-section-no exad-glass-effect-no elementor-widget elementor-widget-image-carousel\" data-id=\"17844df\" data-element_type=\"widget\" data-e-type=\"widget\" data-settings=\"{&quot;slides_to_show&quot;:&quot;2&quot;,&quot;slides_to_show_mobile&quot;:&quot;1&quot;,&quot;image_spacing_custom&quot;:{&quot;unit&quot;:&quot;px&quot;,&quot;size&quot;:&quot;33&quot;,&quot;sizes&quot;:[]},&quot;lazyload&quot;:&quot;yes&quot;,&quot;navigation&quot;:&quot;both&quot;,&quot;autoplay&quot;:&quot;yes&quot;,&quot;pause_on_hover&quot;:&quot;yes&quot;,&quot;pause_on_interaction&quot;:&quot;yes&quot;,&quot;autoplay_speed&quot;:5000,&quot;infinite&quot;:&quot;yes&quot;,&quot;speed&quot;:500,&quot;image_spacing_custom_tablet&quot;:{&quot;unit&quot;:&quot;px&quot;,&quot;size&quot;:&quot;&quot;,&quot;sizes&quot;:[]}}\" data-widget_type=\"image-carousel.default\">\n\t\t\t\t<div class=\"elementor-widget-container\">\n\t\t\t\t\t\t\t<div class=\"elementor-image-carousel-wrapper swiper\" role=\"region\" aria-roledescription=\"carousel\" aria-label=\"Carrusel de Im\u00e1genes\" dir=\"ltr\">\n\t\t\t<div class=\"elementor-image-carousel swiper-wrapper\" aria-live=\"off\">\n\t\t\t\t\t\t\t\t<div class=\"swiper-slide\" role=\"group\" aria-roledescription=\"slide\" aria-label=\"1 de 4\"><figure class=\"swiper-slide-inner\"><img class=\"swiper-slide-image swiper-lazy\" data-src=\"https:\/\/septlaxcala.gob.mx\/web\/wp-content\/uploads\/2026\/03\/CAL_ORD__NUPLES_MAYO_2026-2048x1448.png\" alt=\"CAL_ORD__NUPLES_MAYO_2026\" \/><div class=\"swiper-lazy-preloader\"><\/div><\/figure><\/div><div class=\"swiper-slide\" role=\"group\" aria-roledescription=\"slide\" aria-label=\"2 de 4\"><figure class=\"swiper-slide-inner\"><img class=\"swiper-slide-image swiper-lazy\" data-src=\"https:\/\/septlaxcala.gob.mx\/web\/wp-content\/uploads\/2026\/03\/CAL_ORD__ASIG_MAYO_2026-2048x1448.png\" alt=\"CAL_ORD__ASIG_MAYO_2026\" \/><div class=\"swiper-lazy-preloader\"><\/div><\/figure><\/div><div class=\"swiper-slide\" role=\"group\" aria-roledescription=\"slide\" aria-label=\"3 de 4\"><figure class=\"swiper-slide-inner\"><img class=\"swiper-slide-image swiper-lazy\" data-src=\"https:\/\/septlaxcala.gob.mx\/web\/wp-content\/uploads\/2026\/03\/CAL_EXTEM__NUPLES_2026_MAYO-2048x1448.png\" alt=\"CAL_EXTEM__NUPLES_2026_MAYO\" \/><div class=\"swiper-lazy-preloader\"><\/div><\/figure><\/div><div class=\"swiper-slide\" role=\"group\" aria-roledescription=\"slide\" aria-label=\"4 de 4\"><figure class=\"swiper-slide-inner\"><img class=\"swiper-slide-image swiper-lazy\" data-src=\"https:\/\/septlaxcala.gob.mx\/web\/wp-content\/uploads\/2026\/03\/CAL_EXTEM__ASIGNATURAS_2026_MAYO-2048x1448.png\" alt=\"CAL_EXTEM__ASIGNATURAS_2026_MAYO\" \/><div class=\"swiper-lazy-preloader\"><\/div><\/figure><\/div>\t\t\t<\/div>\n\t\t\t\t\t\t\t\t\t\t\t\t<div class=\"elementor-swiper-button elementor-swiper-button-prev\" role=\"button\" tabindex=\"0\">\n\t\t\t\t\t\t<i aria-hidden=\"true\" class=\"fas fa-chevron-circle-left\"><\/i>\t\t\t\t\t<\/div>\n\t\t\t\t\t<div class=\"elementor-swiper-button elementor-swiper-button-next\" role=\"button\" tabindex=\"0\">\n\t\t\t\t\t\t<i aria-hidden=\"true\" class=\"fas fa-chevron-circle-right\"><\/i>\t\t\t\t\t<\/div>\n\t\t\t\t\n\t\t\t\t\t\t\t\t\t<div class=\"swiper-pagination\"><\/div>\n\t\t\t\t\t\t\t\t\t<\/div>\n\t\t\t\t\t\t<\/div>\n\t\t\t\t<\/div>\n\t\t\t\t\t<\/div>\n\t\t<\/div>\n\t\t\t\t\t<\/div>\n\t\t<\/section>\n\t\t\t\t<section class=\"elementor-section elementor-top-section elementor-element elementor-element-eda1e77 elementor-section-full_width elementor-section-height-default elementor-section-height-default exad-glass-effect-no wpr-particle-no wpr-jarallax-no wpr-parallax-no wpr-sticky-section-no wpr-equal-height-no exad-sticky-section-no\" data-id=\"eda1e77\" data-element_type=\"section\" data-e-type=\"section\">\n\t\t\t\t\t\t<div class=\"elementor-container elementor-column-gap-no\">\n\t\t\t\t\t<div class=\"elementor-column elementor-col-100 elementor-top-column elementor-element elementor-element-101c8b7 exad-glass-effect-no exad-sticky-section-no\" data-id=\"101c8b7\" data-element_type=\"column\" data-e-type=\"column\">\n\t\t\t<div class=\"elementor-widget-wrap elementor-element-populated\">\n\t\t\t\t\t\t<div class=\"elementor-element elementor-element-18d10f3 elementor-align-center exad-sticky-section-no exad-glass-effect-no elementor-widget elementor-widget-button\" data-id=\"18d10f3\" data-element_type=\"widget\" data-e-type=\"widget\" data-widget_type=\"button.default\">\n\t\t\t\t<div class=\"elementor-widget-container\">\n\t\t\t\t\t\t\t\t\t<div class=\"elementor-button-wrapper\">\n\t\t\t\t\t<a class=\"elementor-button elementor-button-link elementor-size-sm\" href=\"https:\/\/septlaxcala.gob.mx\/web\/preparatoria-abierta\/\">\n\t\t\t\t\t\t<span class=\"elementor-button-content-wrapper\">\n\t\t\t\t\t\t<span class=\"elementor-button-icon\">\n\t\t\t\t<i aria-hidden=\"true\" class=\"fas fa-arrow-left\"><\/i>\t\t\t<\/span>\n\t\t\t\t\t\t\t\t\t<span class=\"elementor-button-text\">Regresar<\/span>\n\t\t\t\t\t<\/span>\n\t\t\t\t\t<\/a>\n\t\t\t\t<\/div>\n\t\t\t\t\t\t\t\t<\/div>\n\t\t\t\t<\/div>\n\t\t\t\t\t<\/div>\n\t\t<\/div>\n\t\t\t\t\t<\/div>\n\t\t<\/section>\n\t\t\t\t<\/div>\n\t\t","protected":false},"excerpt":{"rendered":"<p>Men\u00fa Cerrar Preparatoria Abierta Pago de Derechos Calendarios Sedes de Aplicaci\u00f3n Calificaciones 2603-A Tutoriales Mi EVA CAED Preparatoria Abierta Pago de Derechos Calendarios Sedes de Aplicaci\u00f3n Calificaciones 2603-A Tutoriales Mi EVA CAED Calendarios La solicitud de ex\u00e1menes en Preparatoria Abierta se realiza de acuerdo a los Calendarios de Solicitud y Presentaci\u00f3n de Ex\u00e1menes, los cuales son emitidos por la Direcci\u00f3n de Sistemas Abierto (DSA) y son de car\u00e1cter nacional, es importante apegarse a los periodos establecidos.\u00a0 Calendarios de acuerdo a los planes de estudio: Regresar<\/p>\n","protected":false},"author":315232,"featured_media":0,"parent":11812,"menu_order":0,"comment_status":"closed","ping_status":"closed","template":"","meta":{"_monsterinsights_skip_tracking":false,"_monsterinsights_sitenote_active":false,"_monsterinsights_sitenote_note":"","_monsterinsights_sitenote_category":0,"site-sidebar-layout":"no-sidebar","site-content-layout":"page-builder","ast-site-content-layout":"default","site-content-style":"default","site-sidebar-style":"default","ast-global-header-display":"","ast-banner-title-visibility":"","ast-main-header-display":"","ast-hfb-above-header-display":"","ast-hfb-below-header-display":"","ast-hfb-mobile-header-display":"","site-post-title":"disabled","ast-breadcrumbs-content":"","ast-featured-img":"disabled","footer-sml-layout":"","ast-disable-related-posts":"","theme-transparent-header-meta":"enabled","adv-header-id-meta":"","stick-header-meta":"","header-above-stick-meta":"","header-main-stick-meta":"","header-below-stick-meta":"","astra-migrate-meta-layouts":"default","ast-page-background-enabled":"default","ast-page-background-meta":{"desktop":{"background-color":"","background-image":"","background-repeat":"repeat","background-position":"center center","background-size":"auto","background-attachment":"scroll","background-type":"","background-media":"","overlay-type":"","overlay-color":"","overlay-opacity":"","overlay-gradient":""},"tablet":{"background-color":"","background-image":"","background-repeat":"repeat","background-position":"center center","background-size":"auto","background-attachment":"scroll","background-type":"","background-media":"","overlay-type":"","overlay-color":"","overlay-opacity":"","overlay-gradient":""},"mobile":{"background-color":"","background-image":"","background-repeat":"repeat","background-position":"center center","background-size":"auto","background-attachment":"scroll","background-type":"","background-media":"","overlay-type":"","overlay-color":"","overlay-opacity":"","overlay-gradient":""}},"ast-content-background-meta":{"desktop":{"background-color":"var(--ast-global-color-5)","background-image":"","background-repeat":"repeat","background-position":"center center","background-size":"auto","background-attachment":"scroll","background-type":"","background-media":"","overlay-type":"","overlay-color":"","overlay-opacity":"","overlay-gradient":""},"tablet":{"background-color":"var(--ast-global-color-5)","background-image":"","background-repeat":"repeat","background-position":"center center","background-size":"auto","background-attachment":"scroll","background-type":"","background-media":"","overlay-type":"","overlay-color":"","overlay-opacity":"","overlay-gradient":""},"mobile":{"background-color":"var(--ast-global-color-5)","background-image":"","background-repeat":"repeat","background-position":"center center","background-size":"auto","background-attachment":"scroll","background-type":"","background-media":"","overlay-type":"","overlay-color":"","overlay-opacity":"","overlay-gradient":""}},"footnotes":""},"class_list":["post-12215","page","type-page","status-publish","hentry"],"_links":{"self":[{"href":"https:\/\/septlaxcala.gob.mx\/web\/wp-json\/wp\/v2\/pages\/12215","targetHints":{"allow":["GET"]}}],"collection":[{"href":"https:\/\/septlaxcala.gob.mx\/web\/wp-json\/wp\/v2\/pages"}],"about":[{"href":"https:\/\/septlaxcala.gob.mx\/web\/wp-json\/wp\/v2\/types\/page"}],"author":[{"embeddable":true,"href":"https:\/\/septlaxcala.gob.mx\/web\/wp-json\/wp\/v2\/users\/315232"}],"replies":[{"embeddable":true,"href":"https:\/\/septlaxcala.gob.mx\/web\/wp-json\/wp\/v2\/comments?post=12215"}],"version-history":[{"count":19,"href":"https:\/\/septlaxcala.gob.mx\/web\/wp-json\/wp\/v2\/pages\/12215\/revisions"}],"predecessor-version":[{"id":14522,"href":"https:\/\/septlaxcala.gob.mx\/web\/wp-json\/wp\/v2\/pages\/12215\/revisions\/14522"}],"up":[{"embeddable":true,"href":"https:\/\/septlaxcala.gob.mx\/web\/wp-json\/wp\/v2\/pages\/11812"}],"wp:attachment":[{"href":"https:\/\/septlaxcala.gob.mx\/web\/wp-json\/wp\/v2\/media?parent=12215"}],"curies":[{"name":"wp","href":"https:\/\/api.w.org\/{rel}","templated":true}]}}