{"id":12411,"date":"2025-11-05T15:01:25","date_gmt":"2025-11-05T21:01:25","guid":{"rendered":"https:\/\/septlaxcala.gob.mx\/web\/?page_id=12411"},"modified":"2026-05-14T13:41:43","modified_gmt":"2026-05-14T19:41:43","slug":"2605-a","status":"publish","type":"page","link":"https:\/\/septlaxcala.gob.mx\/web\/preparatoria-abierta\/2605-a\/","title":{"rendered":"2605-A"},"content":{"rendered":"\t\t<div data-elementor-type=\"wp-post\" data-elementor-id=\"12411\" class=\"elementor elementor-12411\">\n\t\t\t\t<div class=\"elementor-element elementor-element-4499bc3 e-flex e-con-boxed wpr-particle-no wpr-jarallax-no wpr-parallax-no wpr-sticky-section-no wpr-column-slider-no wpr-equal-height-no e-con e-parent\" data-id=\"4499bc3\" data-element_type=\"container\" data-e-type=\"container\" data-settings=\"{&quot;background_background&quot;:&quot;gradient&quot;}\">\n\t\t\t\t\t<div class=\"e-con-inner\">\n\t\t\t\t<div class=\"elementor-element elementor-element-60d7d33 exad-sticky-section-no exad-glass-effect-no elementor-widget elementor-widget-image\" data-id=\"60d7d33\" data-element_type=\"widget\" data-e-type=\"widget\" data-widget_type=\"image.default\">\n\t\t\t\t<div class=\"elementor-widget-container\">\n\t\t\t\t\t\t\t\t\t\t\t\t\t\t\t\t<a href=\"https:\/\/septlaxcala.gob.mx\/web\/preparatoria-abierta\/\">\n\t\t\t\t\t\t\t<img decoding=\"async\" src=\"https:\/\/septlaxcala.gob.mx\/web\/wp-content\/uploads\/elementor\/thumbs\/Logotipo-Preparatoria-Abierta-rd985oywln8hteggb0y7nytuh28372o4us0slhkw2g.png\" title=\"Logotipo-Preparatoria-Abierta\" alt=\"Logotipo-Preparatoria-Abierta\" loading=\"lazy\" \/>\t\t\t\t\t\t\t\t<\/a>\n\t\t\t\t\t\t\t\t\t\t\t\t\t\t\t<\/div>\n\t\t\t\t<\/div>\n\t\t\t\t<div class=\"elementor-element elementor-element-8dea879 premium-nav-hor premium-nav-none premium-ham-dropdown exad-sticky-section-no exad-glass-effect-no elementor-widget elementor-widget-premium-nav-menu\" data-id=\"8dea879\" data-element_type=\"widget\" data-e-type=\"widget\" data-settings=\"{&quot;submenu_icon&quot;:{&quot;value&quot;:&quot;fas fa-angle-down&quot;,&quot;library&quot;:&quot;fa-solid&quot;},&quot;submenu_item_icon&quot;:{&quot;value&quot;:&quot;&quot;,&quot;library&quot;:&quot;&quot;}}\" data-widget_type=\"premium-nav-menu.default\">\n\t\t\t\t<div class=\"elementor-widget-container\">\n\t\t\t\t\t\t\t<div data-settings=\"{&quot;breakpoint&quot;:1024,&quot;mobileLayout&quot;:&quot;dropdown&quot;,&quot;mainLayout&quot;:&quot;hor&quot;,&quot;stretchDropdown&quot;:false,&quot;hoverEffect&quot;:&quot;&quot;,&quot;submenuEvent&quot;:&quot;hover&quot;,&quot;submenuTrigger&quot;:&quot;item&quot;,&quot;closeAfterClick&quot;:false,&quot;renderMobileMenu&quot;:true}\" class=\"premium-nav-widget-container premium-nav-pointer-none\">\n\t\t\t<div class=\"premium-ver-inner-container\">\n\t\t\t\t\t\t\t\t\t<div class=\"premium-hamburger-toggle premium-mobile-menu-icon\" role=\"button\" aria-label=\"Toggle Menu\">\n\t\t\t\t\t\t<span class=\"premium-toggle-text\">\n\t\t\t\t\t\t\t<i aria-hidden=\"true\" class=\"fas fa-bars\"><\/i>Men\u00fa\t\t\t\t\t\t<\/span>\n\t\t\t\t\t\t<span class=\"premium-toggle-close\">\n\t\t\t\t\t\t\t<i aria-hidden=\"true\" class=\"fas fa-times\"><\/i>Cerrar\t\t\t\t\t\t<\/span>\n\t\t\t\t\t<\/div>\n\t\t\t\t\t\t\t\t\t\t\t<div class=\"premium-nav-menu-container premium-nav-default\">\n\t\t\t\t\t\t\t<ul id=\"menu-preparatoria-abierta\" class=\"premium-nav-menu premium-main-nav-menu\"><li id=\"premium-nav-menu-item-12449\" class=\"menu-item menu-item-type-post_type menu-item-object-page premium-nav-menu-item\"><a href=\"https:\/\/septlaxcala.gob.mx\/web\/preparatoria-abierta\/\" class=\"menu-link premium-menu-link premium-menu-link-parent premium-lq__none\">Preparatoria Abierta<\/a><\/li>\n<li id=\"premium-nav-menu-item-12453\" class=\"menu-item menu-item-type-post_type menu-item-object-page premium-nav-menu-item\"><a href=\"https:\/\/septlaxcala.gob.mx\/web\/preparatoria-abierta\/pago-de-derechos\/\" class=\"menu-link premium-menu-link premium-menu-link-parent premium-lq__none\">Pago de Derechos<\/a><\/li>\n<li id=\"premium-nav-menu-item-12452\" class=\"menu-item menu-item-type-post_type menu-item-object-page premium-nav-menu-item\"><a href=\"https:\/\/septlaxcala.gob.mx\/web\/preparatoria-abierta\/calendarios\/\" class=\"menu-link premium-menu-link premium-menu-link-parent premium-lq__none\">Calendarios<\/a><\/li>\n<li id=\"premium-nav-menu-item-12451\" class=\"menu-item menu-item-type-post_type menu-item-object-page premium-nav-menu-item\"><a href=\"https:\/\/septlaxcala.gob.mx\/web\/preparatoria-abierta\/sedes-de-aplicacion\/\" class=\"menu-link premium-menu-link premium-menu-link-parent premium-lq__none\">Sedes de Aplicaci\u00f3n<\/a><\/li>\n<li id=\"premium-nav-menu-item-12454\" class=\"menu-item menu-item-type-custom menu-item-object-custom menu-item-has-children premium-nav-menu-item premium-item-anchor\"><a aria-expanded=\"false\" href=\"#\" class=\"menu-link premium-menu-link premium-menu-link-parent premium-lq__none\">Calificaciones<i class=\"fas fa-angle-down premium-dropdown-icon\"><\/i><\/a>\n<ul class=\"premium-sub-menu premium-lq__none\">\n\t<li id=\"premium-nav-menu-item-12450\" class=\"menu-item menu-item-type-post_type menu-item-object-page premium-nav-menu-item premium-sub-menu-item\"><a href=\"https:\/\/septlaxcala.gob.mx\/web\/preparatoria-abierta\/2605-a\/\" class=\"menu-link premium-menu-link premium-sub-menu-link\">2605-A<\/a><\/li>\n<\/ul>\n<\/li>\n<li id=\"premium-nav-menu-item-12455\" class=\"menu-item menu-item-type-custom menu-item-object-custom menu-item-has-children premium-nav-menu-item premium-item-anchor\"><a aria-expanded=\"false\" href=\"#\" class=\"menu-link premium-menu-link premium-menu-link-parent premium-lq__none\">Tutoriales<i class=\"fas fa-angle-down premium-dropdown-icon\"><\/i><\/a>\n<ul class=\"premium-sub-menu premium-lq__none\">\n\t<li id=\"premium-nav-menu-item-13553\" class=\"menu-item menu-item-type-custom menu-item-object-custom premium-nav-menu-item premium-sub-menu-item\"><a href=\"https:\/\/mievaprepaabierta.sep.gob.mx\/\" class=\"menu-link premium-menu-link premium-sub-menu-link\">Mi EVA<\/a><\/li>\n\t<li id=\"premium-nav-menu-item-13554\" class=\"menu-item menu-item-type-custom menu-item-object-custom premium-nav-menu-item premium-sub-menu-item\"><a href=\"https:\/\/caed.sep.gob.mx\/recursos-educativos-digitales-accesibles\" class=\"menu-link premium-menu-link premium-sub-menu-link\">CAED<\/a><\/li>\n<\/ul>\n<\/li>\n<\/ul>\t\t\t\t\t\t<\/div>\n\t\t\t\t\t\t\t\t\t\t\t\t<div class=\"premium-mobile-menu-container\">\n\t\t\t\t\t\t\t\t\t\t\t\t\t\t\t<ul id=\"menu-preparatoria-abierta-1\" class=\"premium-mobile-menu premium-main-mobile-menu premium-main-nav-menu\"><li id=\"premium-nav-menu-item-124491\" class=\"menu-item menu-item-type-post_type menu-item-object-page premium-nav-menu-item\"><a href=\"https:\/\/septlaxcala.gob.mx\/web\/preparatoria-abierta\/\" class=\"menu-link premium-menu-link premium-menu-link-parent premium-lq__none\">Preparatoria Abierta<\/a><\/li>\n<li id=\"premium-nav-menu-item-124532\" class=\"menu-item menu-item-type-post_type menu-item-object-page premium-nav-menu-item\"><a href=\"https:\/\/septlaxcala.gob.mx\/web\/preparatoria-abierta\/pago-de-derechos\/\" class=\"menu-link premium-menu-link premium-menu-link-parent premium-lq__none\">Pago de Derechos<\/a><\/li>\n<li id=\"premium-nav-menu-item-124523\" class=\"menu-item menu-item-type-post_type menu-item-object-page premium-nav-menu-item\"><a href=\"https:\/\/septlaxcala.gob.mx\/web\/preparatoria-abierta\/calendarios\/\" class=\"menu-link premium-menu-link premium-menu-link-parent premium-lq__none\">Calendarios<\/a><\/li>\n<li id=\"premium-nav-menu-item-124514\" class=\"menu-item menu-item-type-post_type menu-item-object-page premium-nav-menu-item\"><a href=\"https:\/\/septlaxcala.gob.mx\/web\/preparatoria-abierta\/sedes-de-aplicacion\/\" class=\"menu-link premium-menu-link premium-menu-link-parent premium-lq__none\">Sedes de Aplicaci\u00f3n<\/a><\/li>\n<li id=\"premium-nav-menu-item-124545\" class=\"menu-item menu-item-type-custom menu-item-object-custom menu-item-has-children premium-nav-menu-item premium-item-anchor\"><a aria-expanded=\"false\" href=\"#\" class=\"menu-link premium-menu-link premium-menu-link-parent premium-lq__none\">Calificaciones<i class=\"fas fa-angle-down premium-dropdown-icon\"><\/i><\/a>\n<ul class=\"premium-sub-menu premium-lq__none\">\n\t<li id=\"premium-nav-menu-item-124506\" class=\"menu-item menu-item-type-post_type menu-item-object-page premium-nav-menu-item premium-sub-menu-item\"><a href=\"https:\/\/septlaxcala.gob.mx\/web\/preparatoria-abierta\/2605-a\/\" class=\"menu-link premium-menu-link premium-sub-menu-link\">2605-A<\/a><\/li>\n<\/ul>\n<\/li>\n<li id=\"premium-nav-menu-item-124557\" class=\"menu-item menu-item-type-custom menu-item-object-custom menu-item-has-children premium-nav-menu-item premium-item-anchor\"><a aria-expanded=\"false\" href=\"#\" class=\"menu-link premium-menu-link premium-menu-link-parent premium-lq__none\">Tutoriales<i class=\"fas fa-angle-down premium-dropdown-icon\"><\/i><\/a>\n<ul class=\"premium-sub-menu premium-lq__none\">\n\t<li id=\"premium-nav-menu-item-135538\" class=\"menu-item menu-item-type-custom menu-item-object-custom premium-nav-menu-item premium-sub-menu-item\"><a href=\"https:\/\/mievaprepaabierta.sep.gob.mx\/\" class=\"menu-link premium-menu-link premium-sub-menu-link\">Mi EVA<\/a><\/li>\n\t<li id=\"premium-nav-menu-item-135549\" class=\"menu-item menu-item-type-custom menu-item-object-custom premium-nav-menu-item premium-sub-menu-item\"><a href=\"https:\/\/caed.sep.gob.mx\/recursos-educativos-digitales-accesibles\" class=\"menu-link premium-menu-link premium-sub-menu-link\">CAED<\/a><\/li>\n<\/ul>\n<\/li>\n<\/ul>\t\t\t\t\t\t\t\t\t\t\t\t\t\t<\/div>\n\t\t\t\t\t\t\t\t\t\t<\/div>\n\t\t\t<\/div>\n\t\t\t\t\t\t\t<\/div>\n\t\t\t\t<\/div>\n\t\t\t\t\t<\/div>\n\t\t\t\t<\/div>\n\t\t<div class=\"elementor-element elementor-element-ab628d5 e-con-full e-flex wpr-particle-no wpr-jarallax-no wpr-parallax-no wpr-sticky-section-no wpr-column-slider-no wpr-equal-height-no e-con e-parent\" data-id=\"ab628d5\" data-element_type=\"container\" data-e-type=\"container\" data-settings=\"{&quot;background_background&quot;:&quot;slideshow&quot;,&quot;background_slideshow_gallery&quot;:[{&quot;id&quot;:9673,&quot;url&quot;:&quot;https:\\\/\\\/septlaxcala.gob.mx\\\/web\\\/wp-content\\\/uploads\\\/2025\\\/03\\\/studying-online-vector.png&quot;}],&quot;background_slideshow_ken_burns&quot;:&quot;yes&quot;,&quot;background_slideshow_loop&quot;:&quot;yes&quot;,&quot;background_slideshow_slide_duration&quot;:5000,&quot;background_slideshow_slide_transition&quot;:&quot;fade&quot;,&quot;background_slideshow_transition_duration&quot;:500,&quot;background_slideshow_ken_burns_zoom_direction&quot;:&quot;in&quot;}\">\n\t\t\t\t<div class=\"elementor-element elementor-element-e69f263 premium-title-center premium-title-color exad-sticky-section-no exad-glass-effect-no elementor-widget elementor-widget-premium-addon-title\" data-id=\"e69f263\" data-element_type=\"widget\" data-e-type=\"widget\" data-widget_type=\"premium-addon-title.default\">\n\t\t\t\t<div class=\"elementor-widget-container\">\n\t\t\t\t\t\n\t\t<div class=\"premium-title-wrapper\">\n\t\t\t<div class=\"premium-title-container style3\">\n\t\t\t\t<h2 class=\"premium-title-header premium-title-style3\">\n\t\t\t\t\t\n\t\t\t\t\t\n\t\t\t\t\t\t\t\t\t\t\t\t\t\t\t<span class=\"premium-title-text\">\n\t\t\t\t\t\tCalificaciones\t\t\t\t\t<\/span>\n\t\t\t\t\t\t\n\t\t\t\t\t\t\t\t\t\t\n\t\t\t\t\t\t\t\t\t<\/h2>\n\n\t\t\t<\/div>\n\n\t\t\t\t\t<\/div>\n\n\t\t\t\t\t\t<\/div>\n\t\t\t\t<\/div>\n\t\t\t\t<\/div>\n\t\t<div class=\"elementor-element elementor-element-346899e e-flex e-con-boxed wpr-particle-no wpr-jarallax-no wpr-parallax-no wpr-sticky-section-no wpr-column-slider-no wpr-equal-height-no e-con e-parent\" data-id=\"346899e\" data-element_type=\"container\" data-e-type=\"container\">\n\t\t\t\t\t<div class=\"e-con-inner\">\n\t\t\t\t<div class=\"elementor-element elementor-element-d01da0e exad-sticky-section-no exad-glass-effect-no elementor-widget elementor-widget-heading\" data-id=\"d01da0e\" data-element_type=\"widget\" data-e-type=\"widget\" data-widget_type=\"heading.default\">\n\t\t\t\t<div class=\"elementor-widget-container\">\n\t\t\t\t\t<h3 class=\"elementor-heading-title elementor-size-default\">Etapa-Fase: 2605-A<\/h3>\t\t\t\t<\/div>\n\t\t\t\t<\/div>\n\t\t\t\t<div class=\"elementor-element elementor-element-f5ed59e exad-sticky-section-no exad-glass-effect-no elementor-widget elementor-widget-text-editor\" data-id=\"f5ed59e\" data-element_type=\"widget\" data-e-type=\"widget\" data-widget_type=\"text-editor.default\">\n\t\t\t\t<div class=\"elementor-widget-container\">\n\t\t\t\t\t\t\t\t\t<p style=\"text-align: center;\">Utilice el bot\u00f3n de <strong>buscar<\/strong> <span class=\"x19la9d6 x1fc57z9 x6ikm8r x10wlt62 x19co3pv x11tp94h xfibh0p xiy17q3 x1xsqp64 x1lkfr7t xexx8yu xyri2b x18d9i69 x1c1uobl\"><span class=\"xrtxmta x1bhl96m\">\ud83d\udd0e <\/span><\/span>cerca de la esquina superior izquierda del documento para consultar la matr\u00edcula de su inter\u00e9s.<\/p>\t\t\t\t\t\t\t\t<\/div>\n\t\t\t\t<\/div>\n\t\t\t\t<div class=\"elementor-element elementor-element-c75bf6c exad-sticky-section-no exad-glass-effect-no elementor-widget elementor-widget-html\" data-id=\"c75bf6c\" data-element_type=\"widget\" data-e-type=\"widget\" data-widget_type=\"html.default\">\n\t\t\t\t<div class=\"elementor-widget-container\">\n\t\t\t\t\t<!-- \ud83d\udcc4 Contenedor del PDF -->\n<iframe \n  id=\"pdfViewer\" \n  src=\"https:\/\/septlaxcala.gob.mx\/web\/wp-content\/uploads\/pdfjs\/web\/viewer.html?file=https:\/\/septlaxcala.gob.mx\/web\/wp-content\/uploads\/2026\/05\/2605AF.pdf\"\n  width=\"100%\" \n  height=\"600px\" \n  style=\"border:1px solid #ccc;\">\n<\/iframe>\t\t\t\t<\/div>\n\t\t\t\t<\/div>\n\t\t\t\t<div class=\"elementor-element elementor-element-77da16b elementor-align-center exad-sticky-section-no exad-glass-effect-no elementor-widget elementor-widget-button\" data-id=\"77da16b\" data-element_type=\"widget\" data-e-type=\"widget\" data-widget_type=\"button.default\">\n\t\t\t\t<div class=\"elementor-widget-container\">\n\t\t\t\t\t\t\t\t\t<div class=\"elementor-button-wrapper\">\n\t\t\t\t\t<a class=\"elementor-button elementor-button-link elementor-size-sm\" href=\"https:\/\/septlaxcala.gob.mx\/web\/preparatoria-abierta\/\">\n\t\t\t\t\t\t<span class=\"elementor-button-content-wrapper\">\n\t\t\t\t\t\t<span class=\"elementor-button-icon\">\n\t\t\t\t<i aria-hidden=\"true\" class=\"fas fa-arrow-left\"><\/i>\t\t\t<\/span>\n\t\t\t\t\t\t\t\t\t<span class=\"elementor-button-text\">Regresar<\/span>\n\t\t\t\t\t<\/span>\n\t\t\t\t\t<\/a>\n\t\t\t\t<\/div>\n\t\t\t\t\t\t\t\t<\/div>\n\t\t\t\t<\/div>\n\t\t\t\t\t<\/div>\n\t\t\t\t<\/div>\n\t\t\t\t<\/div>\n\t\t","protected":false},"excerpt":{"rendered":"<p>Men\u00fa Cerrar Preparatoria Abierta Pago de Derechos Calendarios Sedes de Aplicaci\u00f3n Calificaciones 2604-B Tutoriales Mi EVA CAED Preparatoria Abierta Pago de Derechos Calendarios Sedes de Aplicaci\u00f3n Calificaciones 2604-B Tutoriales Mi EVA CAED Calificaciones Etapa-Fase: 2605-A Utilice el bot\u00f3n de buscar \ud83d\udd0e cerca de la esquina superior izquierda del documento para consultar la matr\u00edcula de su inter\u00e9s. Regresar<\/p>\n","protected":false},"author":315232,"featured_media":0,"parent":11812,"menu_order":0,"comment_status":"closed","ping_status":"closed","template":"","meta":{"_monsterinsights_skip_tracking":false,"_monsterinsights_sitenote_active":false,"_monsterinsights_sitenote_note":"","_monsterinsights_sitenote_category":0,"site-sidebar-layout":"no-sidebar","site-content-layout":"page-builder","ast-site-content-layout":"default","site-content-style":"default","site-sidebar-style":"default","ast-global-header-display":"","ast-banner-title-visibility":"","ast-main-header-display":"","ast-hfb-above-header-display":"","ast-hfb-below-header-display":"","ast-hfb-mobile-header-display":"","site-post-title":"disabled","ast-breadcrumbs-content":"","ast-featured-img":"disabled","footer-sml-layout":"","ast-disable-related-posts":"","theme-transparent-header-meta":"enabled","adv-header-id-meta":"","stick-header-meta":"","header-above-stick-meta":"","header-main-stick-meta":"","header-below-stick-meta":"","astra-migrate-meta-layouts":"default","ast-page-background-enabled":"default","ast-page-background-meta":{"desktop":{"background-color":"","background-image":"","background-repeat":"repeat","background-position":"center center","background-size":"auto","background-attachment":"scroll","background-type":"","background-media":"","overlay-type":"","overlay-color":"","overlay-opacity":"","overlay-gradient":""},"tablet":{"background-color":"","background-image":"","background-repeat":"repeat","background-position":"center center","background-size":"auto","background-attachment":"scroll","background-type":"","background-media":"","overlay-type":"","overlay-color":"","overlay-opacity":"","overlay-gradient":""},"mobile":{"background-color":"","background-image":"","background-repeat":"repeat","background-position":"center center","background-size":"auto","background-attachment":"scroll","background-type":"","background-media":"","overlay-type":"","overlay-color":"","overlay-opacity":"","overlay-gradient":""}},"ast-content-background-meta":{"desktop":{"background-color":"var(--ast-global-color-5)","background-image":"","background-repeat":"repeat","background-position":"center center","background-size":"auto","background-attachment":"scroll","background-type":"","background-media":"","overlay-type":"","overlay-color":"","overlay-opacity":"","overlay-gradient":""},"tablet":{"background-color":"var(--ast-global-color-5)","background-image":"","background-repeat":"repeat","background-position":"center center","background-size":"auto","background-attachment":"scroll","background-type":"","background-media":"","overlay-type":"","overlay-color":"","overlay-opacity":"","overlay-gradient":""},"mobile":{"background-color":"var(--ast-global-color-5)","background-image":"","background-repeat":"repeat","background-position":"center center","background-size":"auto","background-attachment":"scroll","background-type":"","background-media":"","overlay-type":"","overlay-color":"","overlay-opacity":"","overlay-gradient":""}},"footnotes":""},"class_list":["post-12411","page","type-page","status-publish","hentry"],"_links":{"self":[{"href":"https:\/\/septlaxcala.gob.mx\/web\/wp-json\/wp\/v2\/pages\/12411","targetHints":{"allow":["GET"]}}],"collection":[{"href":"https:\/\/septlaxcala.gob.mx\/web\/wp-json\/wp\/v2\/pages"}],"about":[{"href":"https:\/\/septlaxcala.gob.mx\/web\/wp-json\/wp\/v2\/types\/page"}],"author":[{"embeddable":true,"href":"https:\/\/septlaxcala.gob.mx\/web\/wp-json\/wp\/v2\/users\/315232"}],"replies":[{"embeddable":true,"href":"https:\/\/septlaxcala.gob.mx\/web\/wp-json\/wp\/v2\/comments?post=12411"}],"version-history":[{"count":92,"href":"https:\/\/septlaxcala.gob.mx\/web\/wp-json\/wp\/v2\/pages\/12411\/revisions"}],"predecessor-version":[{"id":15363,"href":"https:\/\/septlaxcala.gob.mx\/web\/wp-json\/wp\/v2\/pages\/12411\/revisions\/15363"}],"up":[{"embeddable":true,"href":"https:\/\/septlaxcala.gob.mx\/web\/wp-json\/wp\/v2\/pages\/11812"}],"wp:attachment":[{"href":"https:\/\/septlaxcala.gob.mx\/web\/wp-json\/wp\/v2\/media?parent=12411"}],"curies":[{"name":"wp","href":"https:\/\/api.w.org\/{rel}","templated":true}]}}