{"id":2846,"date":"2023-03-04T05:15:22","date_gmt":"2023-03-04T05:15:22","guid":{"rendered":"https:\/\/septlaxcala.gob.mx\/web\/?page_id=2846"},"modified":"2026-04-17T11:53:30","modified_gmt":"2026-04-17T17:53:30","slug":"formatos_financieros_compras_servicios","status":"publish","type":"page","link":"https:\/\/septlaxcala.gob.mx\/web\/formatos_financieros_compras_servicios\/","title":{"rendered":"Formatos Requisici\u00f3n"},"content":{"rendered":"\t\t<div data-elementor-type=\"wp-post\" data-elementor-id=\"2846\" class=\"elementor elementor-2846\">\n\t\t\t\t<div class=\"elementor-element elementor-element-451fbf3 e-con-full e-flex wpr-particle-no wpr-jarallax-no wpr-parallax-no wpr-sticky-section-no wpr-equal-height-no e-con e-parent\" data-id=\"451fbf3\" data-element_type=\"container\" data-e-type=\"container\" data-settings=\"{&quot;background_background&quot;:&quot;gradient&quot;}\">\n\t\t\t\t<div class=\"elementor-element elementor-element-2d9c1a0 exad-sticky-section-no exad-glass-effect-no elementor-widget elementor-widget-spacer\" data-id=\"2d9c1a0\" data-element_type=\"widget\" data-e-type=\"widget\" data-widget_type=\"spacer.default\">\n\t\t\t\t<div class=\"elementor-widget-container\">\n\t\t\t\t\t\t\t<div class=\"elementor-spacer\">\n\t\t\t<div class=\"elementor-spacer-inner\"><\/div>\n\t\t<\/div>\n\t\t\t\t\t\t<\/div>\n\t\t\t\t<\/div>\n\t\t\t\t<\/div>\n\t\t<div class=\"elementor-element elementor-element-0cf136b e-con-full e-flex wpr-particle-no wpr-jarallax-no wpr-parallax-no wpr-sticky-section-no wpr-equal-height-no e-con e-parent\" data-id=\"0cf136b\" data-element_type=\"container\" data-e-type=\"container\" data-settings=\"{&quot;background_background&quot;:&quot;slideshow&quot;,&quot;background_slideshow_gallery&quot;:[{&quot;id&quot;:1308,&quot;url&quot;:&quot;https:\\\/\\\/septlaxcala.gob.mx\\\/web\\\/wp-content\\\/uploads\\\/2023\\\/02\\\/Foto-Aerea-SEPE-USET-2-scaled.jpg&quot;},{&quot;id&quot;:9505,&quot;url&quot;:&quot;https:\\\/\\\/septlaxcala.gob.mx\\\/web\\\/wp-content\\\/uploads\\\/2025\\\/03\\\/8.png&quot;},{&quot;id&quot;:9658,&quot;url&quot;:&quot;https:\\\/\\\/septlaxcala.gob.mx\\\/web\\\/wp-content\\\/uploads\\\/2025\\\/03\\\/man-reading-a-book.png&quot;},{&quot;id&quot;:12104,&quot;url&quot;:&quot;https:\\\/\\\/septlaxcala.gob.mx\\\/web\\\/wp-content\\\/uploads\\\/2025\\\/10\\\/big-bag-of-money.png&quot;}],&quot;background_slideshow_ken_burns&quot;:&quot;yes&quot;,&quot;background_slideshow_loop&quot;:&quot;yes&quot;,&quot;background_slideshow_slide_duration&quot;:5000,&quot;background_slideshow_slide_transition&quot;:&quot;fade&quot;,&quot;background_slideshow_transition_duration&quot;:500,&quot;background_slideshow_ken_burns_zoom_direction&quot;:&quot;in&quot;}\">\n\t\t\t\t<div class=\"elementor-element elementor-element-c6083b8 premium-title-center premium-title-icon-row premium-title-color exad-sticky-section-no exad-glass-effect-no elementor-invisible elementor-widget elementor-widget-premium-addon-title\" data-id=\"c6083b8\" data-element_type=\"widget\" data-e-type=\"widget\" data-settings=\"{&quot;_animation&quot;:&quot;fadeInDown&quot;}\" data-widget_type=\"premium-addon-title.default\">\n\t\t\t\t<div class=\"elementor-widget-container\">\n\t\t\t\t\t\n\t\t<div class=\"premium-title-container style3\">\n\t\t\t<h2 class=\"premium-title-header premium-title-style3\">\n\t\t\t\t\n\t\t\t\t\t\t\t\t\t\t\t\t\t\t\t<i class=\"premium-title-icon premium-svg-nodraw premium-drawable-icon fas fa-file-invoice-dollar\" aria-hidden=\"true\"><\/i>\n\t\t\t\t\t\t\t\t\t\n\t\t\t\t\t\t\t\t\t\t\t\t<span class=\"premium-title-text\">\n\t\t\t\t\tFormatos Requisici\u00f3n\t\t\t\t<\/span>\n\t\t\t\t\t\n\t\t\t\t\t\t\t\t\n\t\t\t\t\t\t\t<\/h2>\n\n\t\t<\/div>\n\n\t\t\t\t\t\t<\/div>\n\t\t\t\t<\/div>\n\t\t\t\t<\/div>\n\t\t<div class=\"elementor-element elementor-element-deba94e e-con-full e-flex wpr-particle-no wpr-jarallax-no wpr-parallax-no wpr-sticky-section-no wpr-equal-height-no e-con e-parent\" data-id=\"deba94e\" data-element_type=\"container\" data-e-type=\"container\" data-settings=\"{&quot;background_background&quot;:&quot;classic&quot;}\">\n\t\t<div class=\"elementor-element elementor-element-f7fbab6 e-grid e-con-full wpr-particle-no wpr-jarallax-no wpr-parallax-no wpr-sticky-section-no wpr-equal-height-no e-con e-child\" data-id=\"f7fbab6\" data-element_type=\"container\" data-e-type=\"container\">\n\t\t<div class=\"elementor-element elementor-element-ca9198f e-con-full e-flex wpr-particle-no wpr-jarallax-no wpr-parallax-no wpr-sticky-section-no wpr-equal-height-no e-con e-child\" data-id=\"ca9198f\" data-element_type=\"container\" data-e-type=\"container\" data-settings=\"{&quot;background_background&quot;:&quot;classic&quot;}\">\n\t\t\t\t<div class=\"elementor-element elementor-element-a5b4b07 elementor-view-stacked elementor-shape-circle elementor-position-block-start elementor-mobile-position-block-start exad-sticky-section-no exad-glass-effect-no elementor-widget elementor-widget-icon-box\" data-id=\"a5b4b07\" data-element_type=\"widget\" data-e-type=\"widget\" data-widget_type=\"icon-box.default\">\n\t\t\t\t<div class=\"elementor-widget-container\">\n\t\t\t\t\t\t\t<div class=\"elementor-icon-box-wrapper\">\n\n\t\t\t\t\t\t<div class=\"elementor-icon-box-icon\">\n\t\t\t\t<span  class=\"elementor-icon elementor-animation-pulse\">\n\t\t\t\t<i aria-hidden=\"true\" class=\"remixicon ri-money-dollar-box-fill\"><\/i>\t\t\t\t<\/span>\n\t\t\t<\/div>\n\t\t\t\n\t\t\t\t\t\t<div class=\"elementor-icon-box-content\">\n\n\t\t\t\t\t\t\t\t\t<h4 class=\"elementor-icon-box-title\">\n\t\t\t\t\t\t<span  >\n\t\t\t\t\t\t\tFormatos financieros\t\t\t\t\t\t<\/span>\n\t\t\t\t\t<\/h4>\n\t\t\t\t\n\t\t\t\t\n\t\t\t<\/div>\n\t\t\t\n\t\t<\/div>\n\t\t\t\t\t\t<\/div>\n\t\t\t\t<\/div>\n\t\t\t\t<div class=\"elementor-element elementor-element-312c457 exad-sticky-section-no exad-glass-effect-no elementor-widget elementor-widget-text-editor\" data-id=\"312c457\" data-element_type=\"widget\" data-e-type=\"widget\" data-widget_type=\"text-editor.default\">\n\t\t\t\t<div class=\"elementor-widget-container\">\n\t\t\t\t\t\t\t\t\t<ul><li style=\"text-align: justify;\"><a href=\"https:\/\/septlaxcala.gob.mx\/web\/wp-content\/uploads\/2025\/04\/REQUISICION-DE-COMPRA.xls\">Requisici\u00f3n de Compra<\/a><\/li><li style=\"text-align: justify;\"><a href=\"https:\/\/septlaxcala.gob.mx\/web\/wp-content\/uploads\/2025\/04\/REQUISICIONES-DE-SERVICIOS.xls\">Requisici\u00f3n de Servicios<\/a><\/li><li style=\"text-align: justify;\"><a href=\"https:\/\/septlaxcala.gob.mx\/web\/wp-content\/uploads\/2025\/02\/SOLICITUD-DE-TRAMITE-DE-PAGO.xls\">Solicitud de Tramite de Pago<\/a><\/li><li style=\"text-align: justify;\"><a href=\"https:\/\/septlaxcala.gob.mx\/web\/wp-content\/uploads\/2025\/04\/COMPROBACION-DE-GASTOS.xls\">Comprobaci\u00f3n de Gastos a Comprobar<\/a><\/li><li style=\"text-align: justify;\"><a href=\"https:\/\/septlaxcala.gob.mx\/web\/wp-content\/uploads\/2025\/04\/CUADRO-COMPARATIVO.xls\">Cuadro Comparativo<\/a><\/li><li style=\"text-align: justify;\"><a href=\"https:\/\/septlaxcala.gob.mx\/web\/wp-content\/uploads\/2025\/04\/Pedido.xlsx\">Pedido<\/a><\/li><li style=\"text-align: justify;\"><a href=\"https:\/\/septlaxcala.gob.mx\/web\/wp-content\/uploads\/2025\/04\/SOLICITUD-DE-GASTOS-A-COMPROBAR-Y-DESGLOSE-DE-GASTOS.docx\">Solicitud de Gastos a Comprobar y Desglose de Gastos<\/a><\/li><li style=\"text-align: justify;\"><a href=\"https:\/\/septlaxcala.gob.mx\/web\/wp-content\/uploads\/2025\/02\/RECIBO.docx\">Recibo<\/a><\/li><li style=\"text-align: justify;\"><a href=\"https:\/\/septlaxcala.gob.mx\/web\/wp-content\/uploads\/2025\/02\/FORMATOS-VIATICOS.xlsx\">Comprobaci\u00f3n de Vi\u00e1ticos<\/a><\/li><\/ul>\t\t\t\t\t\t\t\t<\/div>\n\t\t\t\t<\/div>\n\t\t\t\t<\/div>\n\t\t<div class=\"elementor-element elementor-element-806dfc5 e-con-full e-flex wpr-particle-no wpr-jarallax-no wpr-parallax-no wpr-sticky-section-no wpr-equal-height-no e-con e-child\" data-id=\"806dfc5\" data-element_type=\"container\" data-e-type=\"container\" data-settings=\"{&quot;background_background&quot;:&quot;classic&quot;}\">\n\t\t\t\t<div class=\"elementor-element elementor-element-563889f elementor-view-stacked elementor-shape-circle elementor-position-block-start elementor-mobile-position-block-start exad-sticky-section-no exad-glass-effect-no elementor-widget elementor-widget-icon-box\" data-id=\"563889f\" data-element_type=\"widget\" data-e-type=\"widget\" data-widget_type=\"icon-box.default\">\n\t\t\t\t<div class=\"elementor-widget-container\">\n\t\t\t\t\t\t\t<div class=\"elementor-icon-box-wrapper\">\n\n\t\t\t\t\t\t<div class=\"elementor-icon-box-icon\">\n\t\t\t\t<span  class=\"elementor-icon elementor-animation-pulse\">\n\t\t\t\t<i aria-hidden=\"true\" class=\"fas fa-divide\"><\/i>\t\t\t\t<\/span>\n\t\t\t<\/div>\n\t\t\t\n\t\t\t\t\t\t<div class=\"elementor-icon-box-content\">\n\n\t\t\t\t\t\t\t\t\t<h4 class=\"elementor-icon-box-title\">\n\t\t\t\t\t\t<span  >\n\t\t\t\t\t\t\tClasificadores\t\t\t\t\t\t<\/span>\n\t\t\t\t\t<\/h4>\n\t\t\t\t\n\t\t\t\t\n\t\t\t<\/div>\n\t\t\t\n\t\t<\/div>\n\t\t\t\t\t\t<\/div>\n\t\t\t\t<\/div>\n\t\t\t\t<div class=\"elementor-element elementor-element-3f0098c exad-sticky-section-no exad-glass-effect-no elementor-widget elementor-widget-text-editor\" data-id=\"3f0098c\" data-element_type=\"widget\" data-e-type=\"widget\" data-widget_type=\"text-editor.default\">\n\t\t\t\t<div class=\"elementor-widget-container\">\n\t\t\t\t\t\t\t\t\t<ul><li style=\"text-align: justify;\"><a href=\"https:\/\/septlaxcala.gob.mx\/web\/wp-content\/uploads\/2025\/02\/CLASIFICADOR-POR-UNIDAD-ADMNISTRATIVA-2025.docx\">Clasificador de Unidades Administrativas<\/a><\/li><li style=\"text-align: justify;\"><a href=\"https:\/\/septlaxcala.gob.mx\/web\/3d-flip-book\/clasificador-por-fuente-de-financiamiento-2025\/\">Clasificador por Fuentes de Financiamiento<\/a><\/li><li style=\"text-align: justify;\"><a href=\"https:\/\/septlaxcala.gob.mx\/web\/3d-flip-book\/clasificador-por-objeto-del-gasto-2023\/\">Clasificador por Objeto del Gasto<\/a><\/li><li style=\"text-align: justify;\"><a href=\"https:\/\/septlaxcala.gob.mx\/web\/3d-flip-book\/clasificador-por-proyecto-2025\/\">Clasificador por Proyecto<\/a><\/li><\/ul>\t\t\t\t\t\t\t\t<\/div>\n\t\t\t\t<\/div>\n\t\t\t\t<\/div>\n\t\t<div class=\"elementor-element elementor-element-4804274 e-con-full e-flex wpr-particle-no wpr-jarallax-no wpr-parallax-no wpr-sticky-section-no wpr-equal-height-no e-con e-child\" data-id=\"4804274\" data-element_type=\"container\" data-e-type=\"container\" data-settings=\"{&quot;background_background&quot;:&quot;classic&quot;}\">\n\t\t\t\t<div class=\"elementor-element elementor-element-82f20ba elementor-view-stacked elementor-shape-circle elementor-position-block-start elementor-mobile-position-block-start exad-sticky-section-no exad-glass-effect-no elementor-widget elementor-widget-icon-box\" data-id=\"82f20ba\" data-element_type=\"widget\" data-e-type=\"widget\" data-widget_type=\"icon-box.default\">\n\t\t\t\t<div class=\"elementor-widget-container\">\n\t\t\t\t\t\t\t<div class=\"elementor-icon-box-wrapper\">\n\n\t\t\t\t\t\t<div class=\"elementor-icon-box-icon\">\n\t\t\t\t<span  class=\"elementor-icon elementor-animation-pulse\">\n\t\t\t\t<i aria-hidden=\"true\" class=\"remixicon ri-pencil-ruler-2-fill\"><\/i>\t\t\t\t<\/span>\n\t\t\t<\/div>\n\t\t\t\n\t\t\t\t\t\t<div class=\"elementor-icon-box-content\">\n\n\t\t\t\t\t\t\t\t\t<h4 class=\"elementor-icon-box-title\">\n\t\t\t\t\t\t<span  >\n\t\t\t\t\t\t\tEjemplo de llenado\t\t\t\t\t\t<\/span>\n\t\t\t\t\t<\/h4>\n\t\t\t\t\n\t\t\t\t\n\t\t\t<\/div>\n\t\t\t\n\t\t<\/div>\n\t\t\t\t\t\t<\/div>\n\t\t\t\t<\/div>\n\t\t\t\t<div class=\"elementor-element elementor-element-374dbd2 exad-sticky-section-no exad-glass-effect-no elementor-widget elementor-widget-text-editor\" data-id=\"374dbd2\" data-element_type=\"widget\" data-e-type=\"widget\" data-widget_type=\"text-editor.default\">\n\t\t\t\t<div class=\"elementor-widget-container\">\n\t\t\t\t\t\t\t\t\t<ul><li style=\"text-align: justify;\"><a href=\"https:\/\/septlaxcala.gob.mx\/web\/wp-content\/uploads\/2023\/06\/EJEMPLO-REQUISICIONES-DE-COMPRA.xls\">Requisici\u00f3n de Compra<\/a><\/li><li style=\"text-align: justify;\"><a href=\"https:\/\/septlaxcala.gob.mx\/web\/wp-content\/uploads\/2023\/06\/EJEMPLO-REQUISICIONES-DE-SERVICIOS.xls\">Requisici\u00f3n de Servicio<\/a><\/li><li style=\"text-align: justify;\"><a href=\"https:\/\/septlaxcala.gob.mx\/web\/wp-content\/uploads\/2023\/06\/EJEMPLO-TRAMITE-DE-PAGO-Y-GASTO-A-COMPROBAR.xls\">Solicitud de Tr\u00e1mite de Pago<\/a><\/li><li style=\"text-align: justify;\"><a href=\"https:\/\/septlaxcala.gob.mx\/web\/wp-content\/uploads\/2023\/06\/EJEMPLO-de-GASTOS-A-COMPROBAR.xls\">Comprobaci\u00f3n de Gastos a comprobar<\/a><\/li><li style=\"text-align: justify;\">Cuadro Comparativo<\/li><li style=\"text-align: justify;\">Pedido<\/li><li style=\"text-align: justify;\"><a href=\"https:\/\/septlaxcala.gob.mx\/web\/wp-content\/uploads\/2023\/06\/EJEMPLO-DE-SOLICITUD-DE-GASTOS-A-COMPROBAR-Y-DESGLOSE-DE-GASTOS.docx\">Solicitud de Gastos a Comprobar y Desglose de Gastos<\/a><\/li><li style=\"text-align: justify;\"><a href=\"https:\/\/septlaxcala.gob.mx\/web\/wp-content\/uploads\/2023\/06\/EJEMPLO-DE-RECIBO.docx\">Recibo<\/a><\/li><li style=\"text-align: justify;\"><a href=\"https:\/\/septlaxcala.gob.mx\/web\/wp-content\/uploads\/2023\/06\/EJEMPLO-FORMATOS-VIATICOS.xlsx\">Comprobaci\u00f3n de Vi\u00e1ticos<\/a><\/li><\/ul>\t\t\t\t\t\t\t\t<\/div>\n\t\t\t\t<\/div>\n\t\t\t\t<\/div>\n\t\t<div class=\"elementor-element elementor-element-2695dd1 e-con-full e-flex wpr-particle-no wpr-jarallax-no wpr-parallax-no wpr-sticky-section-no wpr-equal-height-no e-con e-child\" data-id=\"2695dd1\" data-element_type=\"container\" data-e-type=\"container\" data-settings=\"{&quot;background_background&quot;:&quot;classic&quot;}\">\n\t\t\t\t<div class=\"elementor-element elementor-element-59ecf79 elementor-view-stacked elementor-shape-circle elementor-position-block-start elementor-mobile-position-block-start exad-sticky-section-no exad-glass-effect-no elementor-widget elementor-widget-icon-box\" data-id=\"59ecf79\" data-element_type=\"widget\" data-e-type=\"widget\" data-widget_type=\"icon-box.default\">\n\t\t\t\t<div class=\"elementor-widget-container\">\n\t\t\t\t\t\t\t<div class=\"elementor-icon-box-wrapper\">\n\n\t\t\t\t\t\t<div class=\"elementor-icon-box-icon\">\n\t\t\t\t<a href=\"https:\/\/septlaxcala.gob.mx\/web\/3d-flip-book\/normatividad_del_gasto_publico_2022\/\" class=\"elementor-icon elementor-animation-pulse\" tabindex=\"-1\" aria-label=\"Normatividad del gasto p\u00fablico 2022\">\n\t\t\t\t<i aria-hidden=\"true\" class=\"teenyicon ti-vector-document\"><\/i>\t\t\t\t<\/a>\n\t\t\t<\/div>\n\t\t\t\n\t\t\t\t\t\t<div class=\"elementor-icon-box-content\">\n\n\t\t\t\t\t\t\t\t\t<h4 class=\"elementor-icon-box-title\">\n\t\t\t\t\t\t<a href=\"https:\/\/septlaxcala.gob.mx\/web\/3d-flip-book\/normatividad_del_gasto_publico_2022\/\" >\n\t\t\t\t\t\t\tNormatividad del gasto p\u00fablico 2022\t\t\t\t\t\t<\/a>\n\t\t\t\t\t<\/h4>\n\t\t\t\t\n\t\t\t\t\n\t\t\t<\/div>\n\t\t\t\n\t\t<\/div>\n\t\t\t\t\t\t<\/div>\n\t\t\t\t<\/div>\n\t\t\t\t<\/div>\n\t\t\t\t<\/div>\n\t\t\t\t<\/div>\n\t\t\t\t<\/div>\n\t\t","protected":false},"excerpt":{"rendered":"<p>Formatos Requisici\u00f3n Formatos financieros Requisici\u00f3n de Compra Requisici\u00f3n de Servicios Solicitud de Tramite de Pago Comprobaci\u00f3n de Gastos a Comprobar Cuadro Comparativo Pedido Solicitud de Gastos a Comprobar y Desglose de Gastos Recibo Comprobaci\u00f3n de Vi\u00e1ticos Clasificadores Clasificador de Unidades Administrativas Clasificador por Fuentes de Financiamiento Clasificador por Objeto del Gasto Clasificador por Proyecto Ejemplo de llenado Requisici\u00f3n de Compra Requisici\u00f3n de Servicio Solicitud de Tr\u00e1mite de Pago Comprobaci\u00f3n de Gastos a comprobar Cuadro Comparativo Pedido Solicitud de Gastos a Comprobar y Desglose de Gastos Recibo Comprobaci\u00f3n de Vi\u00e1ticos Normatividad del gasto p\u00fablico 2022<\/p>\n","protected":false},"author":1,"featured_media":0,"parent":0,"menu_order":0,"comment_status":"closed","ping_status":"closed","template":"","meta":{"_monsterinsights_skip_tracking":false,"_monsterinsights_sitenote_active":false,"_monsterinsights_sitenote_note":"","_monsterinsights_sitenote_category":0,"site-sidebar-layout":"no-sidebar","site-content-layout":"page-builder","ast-site-content-layout":"default","site-content-style":"default","site-sidebar-style":"default","ast-global-header-display":"","ast-banner-title-visibility":"","ast-main-header-display":"","ast-hfb-above-header-display":"","ast-hfb-below-header-display":"","ast-hfb-mobile-header-display":"","site-post-title":"disabled","ast-breadcrumbs-content":"","ast-featured-img":"disabled","footer-sml-layout":"","ast-disable-related-posts":"","theme-transparent-header-meta":"enabled","adv-header-id-meta":"","stick-header-meta":"","header-above-stick-meta":"","header-main-stick-meta":"","header-below-stick-meta":"","astra-migrate-meta-layouts":"default","ast-page-background-enabled":"default","ast-page-background-meta":{"desktop":{"background-color":"","background-image":"","background-repeat":"repeat","background-position":"center center","background-size":"auto","background-attachment":"scroll","background-type":"","background-media":"","overlay-type":"","overlay-color":"","overlay-opacity":"","overlay-gradient":""},"tablet":{"background-color":"","background-image":"","background-repeat":"repeat","background-position":"center center","background-size":"auto","background-attachment":"scroll","background-type":"","background-media":"","overlay-type":"","overlay-color":"","overlay-opacity":"","overlay-gradient":""},"mobile":{"background-color":"","background-image":"","background-repeat":"repeat","background-position":"center center","background-size":"auto","background-attachment":"scroll","background-type":"","background-media":"","overlay-type":"","overlay-color":"","overlay-opacity":"","overlay-gradient":""}},"ast-content-background-meta":{"desktop":{"background-color":"var(--ast-global-color-5)","background-image":"","background-repeat":"repeat","background-position":"center center","background-size":"auto","background-attachment":"scroll","background-type":"","background-media":"","overlay-type":"","overlay-color":"","overlay-opacity":"","overlay-gradient":""},"tablet":{"background-color":"var(--ast-global-color-5)","background-image":"","background-repeat":"repeat","background-position":"center center","background-size":"auto","background-attachment":"scroll","background-type":"","background-media":"","overlay-type":"","overlay-color":"","overlay-opacity":"","overlay-gradient":""},"mobile":{"background-color":"var(--ast-global-color-5)","background-image":"","background-repeat":"repeat","background-position":"center center","background-size":"auto","background-attachment":"scroll","background-type":"","background-media":"","overlay-type":"","overlay-color":"","overlay-opacity":"","overlay-gradient":""}},"footnotes":""},"class_list":["post-2846","page","type-page","status-publish","hentry"],"_links":{"self":[{"href":"https:\/\/septlaxcala.gob.mx\/web\/wp-json\/wp\/v2\/pages\/2846","targetHints":{"allow":["GET"]}}],"collection":[{"href":"https:\/\/septlaxcala.gob.mx\/web\/wp-json\/wp\/v2\/pages"}],"about":[{"href":"https:\/\/septlaxcala.gob.mx\/web\/wp-json\/wp\/v2\/types\/page"}],"author":[{"embeddable":true,"href":"https:\/\/septlaxcala.gob.mx\/web\/wp-json\/wp\/v2\/users\/1"}],"replies":[{"embeddable":true,"href":"https:\/\/septlaxcala.gob.mx\/web\/wp-json\/wp\/v2\/comments?post=2846"}],"version-history":[{"count":103,"href":"https:\/\/septlaxcala.gob.mx\/web\/wp-json\/wp\/v2\/pages\/2846\/revisions"}],"predecessor-version":[{"id":14942,"href":"https:\/\/septlaxcala.gob.mx\/web\/wp-json\/wp\/v2\/pages\/2846\/revisions\/14942"}],"wp:attachment":[{"href":"https:\/\/septlaxcala.gob.mx\/web\/wp-json\/wp\/v2\/media?parent=2846"}],"curies":[{"name":"wp","href":"https:\/\/api.w.org\/{rel}","templated":true}]}}